{"id":724,"date":"2023-05-25T15:03:16","date_gmt":"2023-05-25T13:03:16","guid":{"rendered":"http:\/\/recover.jellyfishcreativestudio.be\/?page_id=724"},"modified":"2023-07-11T15:03:08","modified_gmt":"2023-07-11T13:03:08","slug":"zasady-ochrany-osobnich-udaju-2","status":"publish","type":"page","link":"https:\/\/www.recover.eu\/cs\/zasady-ochrany-osobnich-udaju-2\/","title":{"rendered":"Z\u00e1sady ochrany osobn\u00edch \u00fadaj\u016f"},"content":{"rendered":"<div data-elementor-type=\"wp-page\" data-elementor-id=\"724\" class=\"elementor elementor-724\" data-elementor-post-type=\"page\">\n\t\t\t\t\t\t<section class=\"elementor-section elementor-top-section elementor-element elementor-element-a5e6229 elementor-section-boxed elementor-section-height-default elementor-section-height-default\" data-id=\"a5e6229\" data-element_type=\"section\">\n\t\t\t\t\t\t<div class=\"elementor-container elementor-column-gap-default\">\n\t\t\t\t\t<div class=\"elementor-column elementor-col-100 elementor-top-column elementor-element elementor-element-8890a79\" data-id=\"8890a79\" data-element_type=\"column\">\n\t\t\t<div class=\"elementor-widget-wrap elementor-element-populated\">\n\t\t\t\t\t\t<div class=\"elementor-element elementor-element-8a4f1c1 title-animate elementor-widget elementor-widget-heading\" data-id=\"8a4f1c1\" data-element_type=\"widget\" data-widget_type=\"heading.default\">\n\t\t\t\t<div class=\"elementor-widget-container\">\n\t\t\t\t\t<h2 class=\"elementor-heading-title elementor-size-default\">Z\u00e1sady ochrany osobn\u00edch \u00fadaj\u016f<\/h2>\t\t\t\t<\/div>\n\t\t\t\t<\/div>\n\t\t\t\t\t<\/div>\n\t\t<\/div>\n\t\t\t\t\t<\/div>\n\t\t<\/section>\n\t\t\t\t<section class=\"elementor-section elementor-top-section elementor-element elementor-element-ac43c8b elementor-section-boxed elementor-section-height-default elementor-section-height-default\" data-id=\"ac43c8b\" data-element_type=\"section\">\n\t\t\t\t\t\t<div class=\"elementor-container elementor-column-gap-default\">\n\t\t\t\t\t<div class=\"elementor-column elementor-col-100 elementor-top-column elementor-element elementor-element-18a9457\" data-id=\"18a9457\" data-element_type=\"column\">\n\t\t\t<div class=\"elementor-widget-wrap elementor-element-populated\">\n\t\t\t\t\t\t<div class=\"elementor-element elementor-element-a6fe326 title-animate elementor-widget elementor-widget-heading\" data-id=\"a6fe326\" data-element_type=\"widget\" data-widget_type=\"heading.default\">\n\t\t\t\t<div class=\"elementor-widget-container\">\n\t\t\t\t\t<h2 class=\"elementor-heading-title elementor-size-default\">1. Kdo jsme?<\/h2>\t\t\t\t<\/div>\n\t\t\t\t<\/div>\n\t\t\t\t<div class=\"elementor-element elementor-element-dc58fdb elementor-widget elementor-widget-text-editor\" data-id=\"dc58fdb\" data-element_type=\"widget\" data-widget_type=\"text-editor.default\">\n\t\t\t\t<div class=\"elementor-widget-container\">\n\t\t\t\t\t\t\t\t\t<p><strong>MEZIN\u00c1RODN\u00cd RECOVER COMPANY\u00ae<\/strong><br \/>Adresa s\u00eddla: 2\/12 rue des Pr\u00e9montr\u00e9s BE- 4000 Li\u00e8ge<br \/>Editor str\u00e1nek: Vinciane Jocqueau<br \/>Telefon: <span class=\"elementor-icon-list-text\">+32 (0)4 234 15 00 <\/span><br \/>E-mailem : <span class=\"elementor-icon-list-text\">info@recover.eu<\/span><\/p>\t\t\t\t\t\t\t\t<\/div>\n\t\t\t\t<\/div>\n\t\t\t\t<div class=\"elementor-element elementor-element-e276da4 title-animate elementor-widget elementor-widget-heading\" data-id=\"e276da4\" data-element_type=\"widget\" data-widget_type=\"heading.default\">\n\t\t\t\t<div class=\"elementor-widget-container\">\n\t\t\t\t\t<h2 class=\"elementor-heading-title elementor-size-default\">2. Pou\u017e\u00edv\u00e1n\u00ed cookies<\/h2>\t\t\t\t<\/div>\n\t\t\t\t<\/div>\n\t\t\t\t<div class=\"elementor-element elementor-element-be5967a title-animate elementor-widget elementor-widget-heading\" data-id=\"be5967a\" data-element_type=\"widget\" data-widget_type=\"heading.default\">\n\t\t\t\t<div class=\"elementor-widget-container\">\n\t\t\t\t\t<h3 class=\"elementor-heading-title elementor-size-default\">2.1 Co je to cookie?<\/h3>\t\t\t\t<\/div>\n\t\t\t\t<\/div>\n\t\t\t\t<div class=\"elementor-element elementor-element-7e1eec9 elementor-widget elementor-widget-text-editor\" data-id=\"7e1eec9\" data-element_type=\"widget\" data-widget_type=\"text-editor.default\">\n\t\t\t\t<div class=\"elementor-widget-container\">\n\t\t\t\t\t\t\t\t\t<p>Cookie je soubor, kter\u00fd v\u00e1\u0161 prohl\u00ed\u017ee\u010d um\u00edst\u00ed do va\u0161eho po\u010d\u00edta\u010de, kdy\u017e surfujete na internetu. Tento soubor se skl\u00e1d\u00e1 pouze z textu. Je tedy zcela ne\u0161kodn\u00fd. Tento soubor je generov\u00e1n serverem str\u00e1nky, kterou nav\u0161t\u011bvujete, a je odesl\u00e1n do va\u0161eho internetov\u00e9ho prohl\u00ed\u017ee\u010de. Prohl\u00ed\u017ee\u010d ulo\u017e\u00ed soubor na v\u00e1\u0161 pevn\u00fd disk. Server skute\u010dn\u011b nem\u00e1 p\u0159\u00edm\u00fd p\u0159\u00edstup k va\u0161emu po\u010d\u00edta\u010di. Naprost\u00e1 v\u011bt\u0161ina str\u00e1nek pou\u017e\u00edv\u00e1 cookies ke spr\u00e1vn\u00e9mu fungov\u00e1n\u00ed a optimalizaci jejich ergonomie a funk\u010dnosti.<\/p>\t\t\t\t\t\t\t\t<\/div>\n\t\t\t\t<\/div>\n\t\t\t\t<div class=\"elementor-element elementor-element-6573baf title-animate elementor-widget elementor-widget-heading\" data-id=\"6573baf\" data-element_type=\"widget\" data-widget_type=\"heading.default\">\n\t\t\t\t<div class=\"elementor-widget-container\">\n\t\t\t\t\t<h3 class=\"elementor-heading-title elementor-size-default\">2.2 K \u010demu je pou\u017e\u00edv\u00e1me?<\/h3>\t\t\t\t<\/div>\n\t\t\t\t<\/div>\n\t\t\t\t<div class=\"elementor-element elementor-element-5d2f698 elementor-widget elementor-widget-text-editor\" data-id=\"5d2f698\" data-element_type=\"widget\" data-widget_type=\"text-editor.default\">\n\t\t\t\t<div class=\"elementor-widget-container\">\n\t\t\t\t\t\t\t\t\t<p>Cookies jsou aktivov\u00e1ny b\u011bhem va\u0161\u00ed n\u00e1v\u0161t\u011bvy na na\u0161ich str\u00e1nk\u00e1ch. Tyto soubory cookie jsou ve v\u00fdchoz\u00edm nastaven\u00ed povoleny; nep\u0159edstavuj\u00ed \u017e\u00e1dn\u00e9 bezpe\u010dnostn\u00ed riziko pro v\u00e1\u0161 po\u010d\u00edta\u010d, tablet nebo chytr\u00fd telefon. Jejich p\u0159\u00edtomnost to umo\u017e\u0148uje<\/p>\n<ul>\n<li>porozum\u011bt chov\u00e1n\u00ed n\u00e1v\u0161t\u011bvn\u00edk\u016f na str\u00e1nk\u00e1ch;<\/li>\n<li>m\u011b\u0159it po\u010det n\u00e1v\u0161t\u011bv, po\u010det prohl\u00ed\u017een\u00fdch str\u00e1nek i aktivitu n\u00e1v\u0161t\u011bvn\u00edk\u016f webu a jejich frekvenci n\u00e1vratu za \u00fa\u010delem p\u0159izp\u016fsoben\u00ed webu po\u017eadavk\u016fm jeho n\u00e1v\u0161t\u011bvn\u00edk\u016f.<\/li>\n<\/ul>\t\t\t\t\t\t\t\t<\/div>\n\t\t\t\t<\/div>\n\t\t\t\t<div class=\"elementor-element elementor-element-5d98512 title-animate elementor-widget elementor-widget-heading\" data-id=\"5d98512\" data-element_type=\"widget\" data-widget_type=\"heading.default\">\n\t\t\t\t<div class=\"elementor-widget-container\">\n\t\t\t\t\t<h3 class=\"elementor-heading-title elementor-size-default\">2.3 Jak je deaktivovat?<\/h3>\t\t\t\t<\/div>\n\t\t\t\t<\/div>\n\t\t\t\t<div class=\"elementor-element elementor-element-8300da9 elementor-widget elementor-widget-text-editor\" data-id=\"8300da9\" data-element_type=\"widget\" data-widget_type=\"text-editor.default\">\n\t\t\t\t<div class=\"elementor-widget-container\">\n\t\t\t\t\t\t\t\t\t<p>Tyto r\u016fzn\u00e9 soubory cookie si m\u016f\u017eete prohl\u00e9dnout, dozv\u011bd\u011bt se o jejich u\u017eite\u010dnosti a deaktivovat je kliknut\u00edm na kartu \u201eD\u016fv\u011brnost\u201c v lev\u00e9 doln\u00ed \u010d\u00e1sti str\u00e1nky a p\u0159echodem na \u201eNastaven\u00ed soubor\u016f cookie\u201c.<\/p><p>Z obecn\u011bj\u0161\u00edho hlediska m\u016f\u017eete sv\u016fj prohl\u00ed\u017ee\u010d nakonfigurovat tak, aby v\u00e1s informoval o vytvo\u0159en\u00ed nov\u00fdch soubor\u016f cookie a p\u0159\u00edpadn\u011b zabr\u00e1nil jejich instalaci. N\u00ed\u017ee jsou uvedeny kroky, kter\u00e9 je t\u0159eba dodr\u017eet:<\/p><ul><li>Chrome: <a href=\"http:\/\/support.google.com\/chrome\/bin\/answer.py?hl=fr&amp;answer=95647\">http:\/\/support.google.com\/chrome\/bin\/answer.py?hl=fr&amp;answer=95647<\/a><\/li><li>Firefox: <a href=\"http:\/\/support.mozilla.org\/fr\/kb\/activer-desactiver-cookies\">http:\/\/support.mozilla.org\/fr\/kb\/activer-desactiver-cookies<\/a><\/li><li>Safari: <a href=\"https:\/\/support.apple.com\/fr-be\/guide\/safari\/sfri11471\/mac\">https:\/\/support.apple.com\/fr-be\/guide\/safari\/sfri11471\/mac<\/a><\/li><li>Internet Explorer: <a href=\"https:\/\/support.microsoft.com\/fr-fr\/help\/17442\/windows-internet-explorer-delete-manage-cookies\">https:\/\/support.microsoft.com\/fr-fr\/help\/17442\/windows-internet-explorer-delete-manage-cookies<\/a><\/li><\/ul><p>Pokud se rozhodnete je deaktivovat, nebude v\u00e1m odep\u0159en p\u0159\u00edstup na na\u0161e str\u00e1nky.<\/p>\t\t\t\t\t\t\t\t<\/div>\n\t\t\t\t<\/div>\n\t\t\t\t<div class=\"elementor-element elementor-element-4b6c4bd title-animate elementor-widget elementor-widget-heading\" data-id=\"4b6c4bd\" data-element_type=\"widget\" data-widget_type=\"heading.default\">\n\t\t\t\t<div class=\"elementor-widget-container\">\n\t\t\t\t\t<h2 class=\"elementor-heading-title elementor-size-default\">3. Ochrana dat<\/h2>\t\t\t\t<\/div>\n\t\t\t\t<\/div>\n\t\t\t\t<div class=\"elementor-element elementor-element-3a43f5a elementor-widget elementor-widget-text-editor\" data-id=\"3a43f5a\" data-element_type=\"widget\" data-widget_type=\"text-editor.default\">\n\t\t\t\t<div class=\"elementor-widget-container\">\n\t\t\t\t\t\t\t\t\t<p>V souladu se z\u00e1konem ze dne 6. ledna 1978, kter\u00fd se t\u00fdk\u00e1 zpracov\u00e1n\u00ed \u00fadaj\u016f, soubor\u016f a svobod, m\u00e1te pr\u00e1vo na p\u0159\u00edstup k \u00fadaj\u016fm, kter\u00e9 se v\u00e1s t\u00fdkaj\u00ed, na jejich \u00fapravu, opravu nebo vymaz\u00e1n\u00ed.<\/p><p class=\"translation-block\">V souladu s obecn\u00fdm na\u0159\u00edzen\u00edm o ochran\u011b osobn\u00edch \u00fadaj\u016f (GDPR) ze dne 25. kv\u011btna 2018 je shroma\u017e\u010fov\u00e1n\u00ed va\u0161ich \u00fadaj\u016f ur\u010deno pouze pro informaci INTERNATIONAL RECOVER COMPANY <strong>\u00ae<\/strong> : jsou zpracov\u00e1v\u00e1ny za \u00fa\u010delem zlep\u0161en\u00ed va\u0161\u00ed u\u017eivatelsk\u00e9 zku\u0161enosti. Va\u0161e \u00fadaje nebudou \u0161\u00ed\u0159eny ani vym\u011b\u0148ov\u00e1ny.<\/p><p>Va\u0161e pr\u00e1vo na p\u0159\u00edstup k informac\u00edm, kter\u00e9 se V\u00e1s t\u00fdkaj\u00ed, m\u016f\u017eete vyu\u017e\u00edt tak, \u017ee n\u00e1s kontaktujete na n\u00e1sleduj\u00edc\u00ed adrese: info@recover.eu.<\/p>\t\t\t\t\t\t\t\t<\/div>\n\t\t\t\t<\/div>\n\t\t\t\t<div class=\"elementor-element elementor-element-f48e9c5 title-animate elementor-widget elementor-widget-heading\" data-id=\"f48e9c5\" data-element_type=\"widget\" data-widget_type=\"heading.default\">\n\t\t\t\t<div class=\"elementor-widget-container\">\n\t\t\t\t\t<h3 class=\"elementor-heading-title elementor-size-default\">3.1 Jak\u00e1 data se shroma\u017e\u010fuj\u00ed?\n<\/h3>\t\t\t\t<\/div>\n\t\t\t\t<\/div>\n\t\t\t\t<div class=\"elementor-element elementor-element-4f0b068 elementor-widget elementor-widget-text-editor\" data-id=\"4f0b068\" data-element_type=\"widget\" data-widget_type=\"text-editor.default\">\n\t\t\t\t<div class=\"elementor-widget-container\">\n\t\t\t\t\t\t\t\t\t<p>\u00dadaje shrom\u00e1\u017ed\u011bn\u00e9 prost\u0159ednictv\u00edm na\u0161eho kontaktn\u00edho formul\u00e1\u0159e se pou\u017e\u00edvaj\u00ed k tomu, abychom n\u00e1m poskytli informace nezbytn\u00e9 k tomu, abychom mohli co nejl\u00e9pe reagovat na v\u00e1\u0161 po\u017eadavek. Jedin\u00e1 data, kter\u00e1 m\u016f\u017eeme z\u00edskat, jsou:<\/p><ul><li>Va\u0161e jm\u00e9no a p\u0159\u00edjmen\u00ed<\/li><li>Tv\u016fj mail<\/li><li>Va\u0161e telefonn\u00ed \u010d\u00edslo<\/li><li>Va\u0161e \u010d\u00edslo souboru<\/li><li>Va\u0161e adresa<\/li><li>va\u0161e funkce<\/li><li>Informace o va\u0161\u00ed zpr\u00e1v\u011b<\/li><\/ul>\t\t\t\t\t\t\t\t<\/div>\n\t\t\t\t<\/div>\n\t\t\t\t<div class=\"elementor-element elementor-element-5f96875 title-animate elementor-widget elementor-widget-heading\" data-id=\"5f96875\" data-element_type=\"widget\" data-widget_type=\"heading.default\">\n\t\t\t\t<div class=\"elementor-widget-container\">\n\t\t\t\t\t<h3 class=\"elementor-heading-title elementor-size-default\">3.2 Jak jsou chr\u00e1n\u011bny?<\/h3>\t\t\t\t<\/div>\n\t\t\t\t<\/div>\n\t\t\t\t<div class=\"elementor-element elementor-element-fbab310 elementor-widget elementor-widget-text-editor\" data-id=\"fbab310\" data-element_type=\"widget\" data-widget_type=\"text-editor.default\">\n\t\t\t\t<div class=\"elementor-widget-container\">\n\t\t\t\t\t\t\t\t\t<p>Na\u0161e str\u00e1nky byly vyvinuty pomoc\u00ed WordPressu. WordPress a r\u016fzn\u00e1 roz\u0161\u00ed\u0159en\u00ed, kter\u00e1 pou\u017e\u00edv\u00e1me, jsou pravideln\u011b aktualizov\u00e1ny, abychom se co nejv\u00edce vyhnuli naru\u0161en\u00ed bezpe\u010dnosti.<\/p><p>Pou\u017e\u00edv\u00e1me tak\u00e9 bezpe\u010dnostn\u00ed pluginy, abychom co nejv\u00edce zabr\u00e1nili neopr\u00e1vn\u011bn\u00e9mu p\u0159ihl\u00e1\u0161en\u00ed na na\u0161e webov\u00e9 str\u00e1nky.<\/p>\t\t\t\t\t\t\t\t<\/div>\n\t\t\t\t<\/div>\n\t\t\t\t\t<\/div>\n\t\t<\/div>\n\t\t\t\t\t<\/div>\n\t\t<\/section>\n\t\t\t\t<\/div>","protected":false},"excerpt":{"rendered":"<p>Z\u00e1sady ochrany osobn\u00edch \u00fadaj\u016f 1. Kdo jsme?\u200b INTERNATIONAL RECOVER COMPANY\u00aeAdresa s\u00eddla spole\u010dnosti: 2\/12 rue des Pr\u00e9montr\u00e9s BE- 4000 Li\u00e8ge Editor str\u00e1nky: Vinciane JocqueauTelefon: +32 (0)4 234 15 00 E-mail: info @recover.eu 2. Pou\u017e\u00edv\u00e1n\u00ed soubor\u016f cookie 2.1 Co je to cookie? Cookie je soubor, kter\u00fd um\u00edst\u00ed va\u0161e [\u2026]<\/p>","protected":false},"author":1,"featured_media":0,"parent":0,"menu_order":0,"comment_status":"closed","ping_status":"closed","template":"","meta":{"footnotes":""},"class_list":["post-724","page","type-page","status-publish","hentry"],"yoast_head":"<!-- This site is optimized with the Yoast SEO plugin v25.3.1 - https:\/\/yoast.com\/wordpress\/plugins\/seo\/ -->\n<title>Politique de confidentialit\u00e9 - INTERNATIONAL RECOVER COMPANY<\/title>\n<meta name=\"description\" content=\"Acc\u00e9der \u00e0 nos politiques de confidentialit\u00e9 par ici et constatez que nous respectons toutes les conventions RGPD.\" \/>\n<meta name=\"robots\" content=\"index, follow, max-snippet:-1, max-image-preview:large, max-video-preview:-1\" \/>\n<link rel=\"canonical\" href=\"https:\/\/www.recover.eu\/cs\/zasady-ochrany-osobnich-udaju-2\/\" \/>\n<meta property=\"og:locale\" content=\"cs_CZ\" \/>\n<meta property=\"og:type\" content=\"article\" \/>\n<meta property=\"og:title\" content=\"Politique de confidentialit\u00e9 - INTERNATIONAL RECOVER COMPANY\" \/>\n<meta property=\"og:description\" content=\"Acc\u00e9der \u00e0 nos politiques de confidentialit\u00e9 par ici et constatez que nous respectons toutes les conventions RGPD.\" \/>\n<meta property=\"og:url\" content=\"https:\/\/www.recover.eu\/cs\/zasady-ochrany-osobnich-udaju-2\/\" \/>\n<meta property=\"og:site_name\" content=\"INTERNATIONAL RECOVER COMPANY\" \/>\n<meta property=\"article:publisher\" content=\"https:\/\/www.facebook.com\/RECOVER.EU\" \/>\n<meta property=\"article:modified_time\" content=\"2023-07-11T13:03:08+00:00\" \/>\n<meta name=\"twitter:card\" content=\"summary_large_image\" \/>\n<meta name=\"twitter:site\" content=\"@RECOVER_EU\" \/>\n<meta name=\"twitter:label1\" content=\"Odhadovan\u00e1 doba \u010dten\u00ed\" \/>\n\t<meta name=\"twitter:data1\" content=\"3 minuty\" \/>\n<script type=\"application\/ld+json\" class=\"yoast-schema-graph\">{\"@context\":\"https:\/\/schema.org\",\"@graph\":[{\"@type\":\"WebPage\",\"@id\":\"https:\/\/www.recover.eu\/politique-de-confidentialite\/\",\"url\":\"https:\/\/www.recover.eu\/politique-de-confidentialite\/\",\"name\":\"Politique de confidentialit\u00e9 - INTERNATIONAL RECOVER COMPANY\",\"isPartOf\":{\"@id\":\"https:\/\/www.recover.eu\/#website\"},\"datePublished\":\"2023-05-25T13:03:16+00:00\",\"dateModified\":\"2023-07-11T13:03:08+00:00\",\"description\":\"Acc\u00e9der \u00e0 nos politiques de confidentialit\u00e9 par ici et constatez que nous respectons toutes les conventions RGPD.\",\"breadcrumb\":{\"@id\":\"https:\/\/www.recover.eu\/politique-de-confidentialite\/#breadcrumb\"},\"inLanguage\":\"cs\",\"potentialAction\":[{\"@type\":\"ReadAction\",\"target\":[\"https:\/\/www.recover.eu\/politique-de-confidentialite\/\"]}]},{\"@type\":\"BreadcrumbList\",\"@id\":\"https:\/\/www.recover.eu\/politique-de-confidentialite\/#breadcrumb\",\"itemListElement\":[{\"@type\":\"ListItem\",\"position\":1,\"name\":\"Accueil\",\"item\":\"https:\/\/www.recover.eu\/\"},{\"@type\":\"ListItem\",\"position\":2,\"name\":\"Politique de confidentialit\u00e9\"}]},{\"@type\":\"WebSite\",\"@id\":\"https:\/\/www.recover.eu\/#website\",\"url\":\"https:\/\/www.recover.eu\/\",\"name\":\"INTERNATIONAL RECOVER COMPANY\",\"description\":\"Votre partenaire de confiance pour la gestion et la r\u00e9solution de vos probl\u00e8mes de cr\u00e9ances.\",\"publisher\":{\"@id\":\"https:\/\/www.recover.eu\/#organization\"},\"potentialAction\":[{\"@type\":\"SearchAction\",\"target\":{\"@type\":\"EntryPoint\",\"urlTemplate\":\"https:\/\/www.recover.eu\/?s={search_term_string}\"},\"query-input\":{\"@type\":\"PropertyValueSpecification\",\"valueRequired\":true,\"valueName\":\"search_term_string\"}}],\"inLanguage\":\"cs\"},{\"@type\":\"Organization\",\"@id\":\"https:\/\/www.recover.eu\/#organization\",\"name\":\"INTERNATIONAL RECOVER COMPANY\u00ae\",\"url\":\"https:\/\/www.recover.eu\/\",\"logo\":{\"@type\":\"ImageObject\",\"inLanguage\":\"cs\",\"@id\":\"https:\/\/www.recover.eu\/#\/schema\/logo\/image\/\",\"url\":\"http:\/\/www.recover.eu\/wp-content\/uploads\/2023\/05\/logo-recover.png\",\"contentUrl\":\"http:\/\/www.recover.eu\/wp-content\/uploads\/2023\/05\/logo-recover.png\",\"width\":202,\"height\":115,\"caption\":\"INTERNATIONAL RECOVER COMPANY\u00ae\"},\"image\":{\"@id\":\"https:\/\/www.recover.eu\/#\/schema\/logo\/image\/\"},\"sameAs\":[\"https:\/\/www.facebook.com\/RECOVER.EU\",\"https:\/\/x.com\/RECOVER_EU\",\"https:\/\/www.linkedin.com\/company\/irc-group-sa\/\",\"https:\/\/www.instagram.com\/recover.eu\/\",\"https:\/\/www.youtube.com\/@internationalrecovercompan1612\"]}]}<\/script>\n<!-- \/ Yoast SEO plugin. -->","yoast_head_json":{"title":"Politique de confidentialit\u00e9 - INTERNATIONAL RECOVER COMPANY","description":"Acc\u00e9der \u00e0 nos politiques de confidentialit\u00e9 par ici et constatez que nous respectons toutes les conventions RGPD.","robots":{"index":"index","follow":"follow","max-snippet":"max-snippet:-1","max-image-preview":"max-image-preview:large","max-video-preview":"max-video-preview:-1"},"canonical":"https:\/\/www.recover.eu\/cs\/zasady-ochrany-osobnich-udaju-2\/","og_locale":"cs_CZ","og_type":"article","og_title":"Politique de confidentialit\u00e9 - INTERNATIONAL RECOVER COMPANY","og_description":"Acc\u00e9der \u00e0 nos politiques de confidentialit\u00e9 par ici et constatez que nous respectons toutes les conventions RGPD.","og_url":"https:\/\/www.recover.eu\/cs\/zasady-ochrany-osobnich-udaju-2\/","og_site_name":"INTERNATIONAL RECOVER COMPANY","article_publisher":"https:\/\/www.facebook.com\/RECOVER.EU","article_modified_time":"2023-07-11T13:03:08+00:00","twitter_card":"summary_large_image","twitter_site":"@RECOVER_EU","twitter_misc":{"Odhadovan\u00e1 doba \u010dten\u00ed":"3 minuty"},"schema":{"@context":"https:\/\/schema.org","@graph":[{"@type":"WebPage","@id":"https:\/\/www.recover.eu\/politique-de-confidentialite\/","url":"https:\/\/www.recover.eu\/politique-de-confidentialite\/","name":"Politique de confidentialit\u00e9 - INTERNATIONAL RECOVER COMPANY","isPartOf":{"@id":"https:\/\/www.recover.eu\/#website"},"datePublished":"2023-05-25T13:03:16+00:00","dateModified":"2023-07-11T13:03:08+00:00","description":"Acc\u00e9der \u00e0 nos politiques de confidentialit\u00e9 par ici et constatez que nous respectons toutes les conventions RGPD.","breadcrumb":{"@id":"https:\/\/www.recover.eu\/politique-de-confidentialite\/#breadcrumb"},"inLanguage":"cs","potentialAction":[{"@type":"ReadAction","target":["https:\/\/www.recover.eu\/politique-de-confidentialite\/"]}]},{"@type":"BreadcrumbList","@id":"https:\/\/www.recover.eu\/politique-de-confidentialite\/#breadcrumb","itemListElement":[{"@type":"ListItem","position":1,"name":"Accueil","item":"https:\/\/www.recover.eu\/"},{"@type":"ListItem","position":2,"name":"Politique de confidentialit\u00e9"}]},{"@type":"WebSite","@id":"https:\/\/www.recover.eu\/#website","url":"https:\/\/www.recover.eu\/","name":"INTERNATIONAL RECOVER COMPANY","description":"Votre partenaire de confiance pour la gestion et la r\u00e9solution de vos probl\u00e8mes de cr\u00e9ances.","publisher":{"@id":"https:\/\/www.recover.eu\/#organization"},"potentialAction":[{"@type":"SearchAction","target":{"@type":"EntryPoint","urlTemplate":"https:\/\/www.recover.eu\/?s={search_term_string}"},"query-input":{"@type":"PropertyValueSpecification","valueRequired":true,"valueName":"search_term_string"}}],"inLanguage":"cs"},{"@type":"Organization","@id":"https:\/\/www.recover.eu\/#organization","name":"INTERNATIONAL RECOVER COMPANY\u00ae","url":"https:\/\/www.recover.eu\/","logo":{"@type":"ImageObject","inLanguage":"cs","@id":"https:\/\/www.recover.eu\/#\/schema\/logo\/image\/","url":"http:\/\/www.recover.eu\/wp-content\/uploads\/2023\/05\/logo-recover.png","contentUrl":"http:\/\/www.recover.eu\/wp-content\/uploads\/2023\/05\/logo-recover.png","width":202,"height":115,"caption":"INTERNATIONAL RECOVER COMPANY\u00ae"},"image":{"@id":"https:\/\/www.recover.eu\/#\/schema\/logo\/image\/"},"sameAs":["https:\/\/www.facebook.com\/RECOVER.EU","https:\/\/x.com\/RECOVER_EU","https:\/\/www.linkedin.com\/company\/irc-group-sa\/","https:\/\/www.instagram.com\/recover.eu\/","https:\/\/www.youtube.com\/@internationalrecovercompan1612"]}]}},"_links":{"self":[{"href":"https:\/\/www.recover.eu\/cs\/wp-json\/wp\/v2\/pages\/724","targetHints":{"allow":["GET"]}}],"collection":[{"href":"https:\/\/www.recover.eu\/cs\/wp-json\/wp\/v2\/pages"}],"about":[{"href":"https:\/\/www.recover.eu\/cs\/wp-json\/wp\/v2\/types\/page"}],"author":[{"embeddable":true,"href":"https:\/\/www.recover.eu\/cs\/wp-json\/wp\/v2\/users\/1"}],"replies":[{"embeddable":true,"href":"https:\/\/www.recover.eu\/cs\/wp-json\/wp\/v2\/comments?post=724"}],"version-history":[{"count":0,"href":"https:\/\/www.recover.eu\/cs\/wp-json\/wp\/v2\/pages\/724\/revisions"}],"wp:attachment":[{"href":"https:\/\/www.recover.eu\/cs\/wp-json\/wp\/v2\/media?parent=724"}],"curies":[{"name":"wp","href":"https:\/\/api.w.org\/{rel}","templated":true}]}}