{"id":393,"date":"2023-05-17T16:40:48","date_gmt":"2023-05-17T14:40:48","guid":{"rendered":"http:\/\/recover.jellyfishcreativestudio.be\/?page_id=393"},"modified":"2023-08-31T15:14:22","modified_gmt":"2023-08-31T13:14:22","slug":"munka-ajanlatok","status":"publish","type":"page","link":"https:\/\/www.recover.eu\/hu\/munka-ajanlatok\/","title":{"rendered":"\u00c1ll\u00e1sok"},"content":{"rendered":"<div data-elementor-type=\"wp-page\" data-elementor-id=\"393\" class=\"elementor elementor-393\" data-elementor-post-type=\"page\">\n\t\t\t\t\t\t<section class=\"elementor-section elementor-top-section elementor-element elementor-element-8b6456e elementor-section-boxed elementor-section-height-default elementor-section-height-default elementor-invisible\" data-id=\"8b6456e\" data-element_type=\"section\" data-settings=\"{&quot;background_background&quot;:&quot;classic&quot;,&quot;animation&quot;:&quot;fadeIn&quot;}\">\n\t\t\t\t\t\t<div class=\"elementor-container elementor-column-gap-default\">\n\t\t\t\t\t<div class=\"elementor-column elementor-col-50 elementor-top-column elementor-element elementor-element-5deb464\" data-id=\"5deb464\" data-element_type=\"column\" data-settings=\"{&quot;background_background&quot;:&quot;classic&quot;}\">\n\t\t\t<div class=\"elementor-widget-wrap elementor-element-populated\">\n\t\t\t\t\t\t<section class=\"elementor-section elementor-inner-section elementor-element elementor-element-5ecd0af elementor-section-boxed elementor-section-height-default elementor-section-height-default\" data-id=\"5ecd0af\" data-element_type=\"section\">\n\t\t\t\t\t\t<div class=\"elementor-container elementor-column-gap-default\">\n\t\t\t\t\t<div class=\"elementor-column elementor-col-100 elementor-inner-column elementor-element elementor-element-2079814\" data-id=\"2079814\" data-element_type=\"column\" data-settings=\"{&quot;motion_fx_motion_fx_scrolling&quot;:&quot;yes&quot;,&quot;motion_fx_translateY_effect&quot;:&quot;yes&quot;,&quot;motion_fx_translateY_speed&quot;:{&quot;unit&quot;:&quot;px&quot;,&quot;size&quot;:1.5,&quot;sizes&quot;:[]},&quot;motion_fx_translateY_affectedRange&quot;:{&quot;unit&quot;:&quot;%&quot;,&quot;size&quot;:&quot;&quot;,&quot;sizes&quot;:{&quot;start&quot;:0,&quot;end&quot;:100}},&quot;motion_fx_devices&quot;:[&quot;desktop&quot;,&quot;tablet&quot;,&quot;mobile&quot;]}\">\n\t\t\t<div class=\"elementor-widget-wrap elementor-element-populated\">\n\t\t\t\t\t\t<div class=\"elementor-element elementor-element-4395e06 title-animate elementor-widget elementor-widget-heading\" data-id=\"4395e06\" data-element_type=\"widget\" data-widget_type=\"heading.default\">\n\t\t\t\t<div class=\"elementor-widget-container\">\n\t\t\t\t\t<h1 class=\"elementor-heading-title elementor-size-default\">\u00d6n keres <span class=\"title-pink\">\u00e1ll\u00e1s<\/span> Vagy<br>\n<span class=\"title-pink\">egy\u00fcttm\u0171k\u00f6d\u00e9s?<\/span><\/h1>\t\t\t\t<\/div>\n\t\t\t\t<\/div>\n\t\t\t\t<div class=\"elementor-element elementor-element-05941ec elementor-widget elementor-widget-text-editor\" data-id=\"05941ec\" data-element_type=\"widget\" data-widget_type=\"text-editor.default\">\n\t\t\t\t<div class=\"elementor-widget-container\">\n\t\t\t\t\t\t\t\t\t<p>\u00c1ll\u00e1st vagy kieg\u00e9sz\u00edt\u0151 munk\u00e1t keres k\u00f6vetel\u00e9sbehajt\u00e1si ter\u00fcleten? Szeretn\u00e9l egy dinamikus \u00e9s professzion\u00e1lis csapathoz csatlakozni, amely k\u00e9pz\u00e9si \u00e9s fejl\u0151d\u00e9si lehet\u0151s\u00e9get k\u00edn\u00e1l sz\u00e1modra? Osztja emberi \u00e9rt\u00e9keinket \u00e9s \u00fcgyfeleink el\u00e9gedetts\u00e9g\u00e9t? Akkor j\u00f3 helyen j\u00e1rsz!<\/p>\t\t\t\t\t\t\t\t<\/div>\n\t\t\t\t<\/div>\n\t\t\t\t\t<\/div>\n\t\t<\/div>\n\t\t\t\t\t<\/div>\n\t\t<\/section>\n\t\t\t\t\t<\/div>\n\t\t<\/div>\n\t\t\t\t<div class=\"elementor-column elementor-col-50 elementor-top-column elementor-element elementor-element-b1620be\" data-id=\"b1620be\" data-element_type=\"column\">\n\t\t\t<div class=\"elementor-widget-wrap\">\n\t\t\t\t\t\t\t<\/div>\n\t\t<\/div>\n\t\t\t\t\t<\/div>\n\t\t<\/section>\n\t\t\t\t<section class=\"elementor-section elementor-top-section elementor-element elementor-element-52e9e16 elementor-section-boxed elementor-section-height-default elementor-section-height-default\" data-id=\"52e9e16\" data-element_type=\"section\">\n\t\t\t\t\t\t<div class=\"elementor-container elementor-column-gap-default\">\n\t\t\t\t\t<div class=\"elementor-column elementor-col-100 elementor-top-column elementor-element elementor-element-8ee847c\" data-id=\"8ee847c\" data-element_type=\"column\">\n\t\t\t<div class=\"elementor-widget-wrap elementor-element-populated\">\n\t\t\t\t\t\t<div class=\"elementor-element elementor-element-68618fb title-animate elementor-widget elementor-widget-heading\" data-id=\"68618fb\" data-element_type=\"widget\" data-widget_type=\"heading.default\">\n\t\t\t\t<div class=\"elementor-widget-container\">\n\t\t\t\t\t<h2 class=\"elementor-heading-title elementor-size-default\">\u00e1ll\u00e1saj\u00e1nlataink<\/h2>\t\t\t\t<\/div>\n\t\t\t\t<\/div>\n\t\t\t\t\t<\/div>\n\t\t<\/div>\n\t\t\t\t\t<\/div>\n\t\t<\/section>\n\t\t\t\t<section class=\"elementor-section elementor-top-section elementor-element elementor-element-936728c elementor-section-boxed elementor-section-height-default elementor-section-height-default\" data-id=\"936728c\" data-element_type=\"section\">\n\t\t\t\t\t\t<div class=\"elementor-container elementor-column-gap-default\">\n\t\t\t\t\t<div class=\"elementor-column elementor-col-50 elementor-top-column elementor-element elementor-element-3e32770\" data-id=\"3e32770\" data-element_type=\"column\">\n\t\t\t<div class=\"elementor-widget-wrap elementor-element-populated\">\n\t\t\t\t\t\t<div class=\"elementor-element elementor-element-b85dfe7 elementor-widget elementor-widget-text-editor\" data-id=\"b85dfe7\" data-element_type=\"widget\" data-widget_type=\"text-editor.default\">\n\t\t\t\t<div class=\"elementor-widget-container\">\n\t\t\t\t\t<style>.elementor-element-b85dfe7{display:none !important}<\/style>\t\t\t\t<\/div>\n\t\t\t\t<\/div>\n\t\t\t\t\t<\/div>\n\t\t<\/div>\n\t\t\t\t<div class=\"elementor-column elementor-col-50 elementor-top-column elementor-element elementor-element-f8a73e8\" data-id=\"f8a73e8\" data-element_type=\"column\">\n\t\t\t<div class=\"elementor-widget-wrap\">\n\t\t\t\t\t\t\t<\/div>\n\t\t<\/div>\n\t\t\t\t\t<\/div>\n\t\t<\/section>\n\t\t\t\t<section class=\"elementor-section elementor-top-section elementor-element elementor-element-8b45fea elementor-section-boxed elementor-section-height-default elementor-section-height-default\" data-id=\"8b45fea\" data-element_type=\"section\">\n\t\t\t\t\t\t<div class=\"elementor-container elementor-column-gap-default\">\n\t\t\t\t\t<div class=\"elementor-column elementor-col-100 elementor-top-column elementor-element elementor-element-6eb6485\" data-id=\"6eb6485\" data-element_type=\"column\">\n\t\t\t<div class=\"elementor-widget-wrap elementor-element-populated\">\n\t\t\t\t\t\t<div class=\"elementor-element elementor-element-0579ea6 elementor-widget elementor-widget-text-editor\" data-id=\"0579ea6\" data-element_type=\"widget\" data-widget_type=\"text-editor.default\">\n\t\t\t\t<div class=\"elementor-widget-container\">\n\t\t\t\t\t\t\t\t\t<p>Jelenleg nincs szabad hely\u00fcnk. Azonban ne habozzon elk\u00fcldeni spont\u00e1n jelentkez\u00e9s\u00e9t.<\/p><p>Ne hagyjunk ki egy lehet\u0151s\u00e9get!<\/p>\t\t\t\t\t\t\t\t<\/div>\n\t\t\t\t<\/div>\n\t\t\t\t<div class=\"elementor-element elementor-element-6d6c517 elementor-align-center elementor-widget elementor-widget-button\" data-id=\"6d6c517\" data-element_type=\"widget\" data-widget_type=\"button.default\">\n\t\t\t\t<div class=\"elementor-widget-container\">\n\t\t\t\t\t\t\t\t\t<div class=\"elementor-button-wrapper\">\n\t\t\t\t\t<a class=\"elementor-button elementor-button-link elementor-size-sm\" href=\"https:\/\/www.recover.eu\/hu\/kapcsolatba-lepni\/#formcontact\">\n\t\t\t\t\t\t<span class=\"elementor-button-content-wrapper\">\n\t\t\t\t\t\t\t\t\t<span class=\"elementor-button-text\">K\u00fcldje el a jelentkez\u00e9semet<\/span>\n\t\t\t\t\t<\/span>\n\t\t\t\t\t<\/a>\n\t\t\t\t<\/div>\n\t\t\t\t\t\t\t\t<\/div>\n\t\t\t\t<\/div>\n\t\t\t\t\t<\/div>\n\t\t<\/div>\n\t\t\t\t\t<\/div>\n\t\t<\/section>\n\t\t\t\t<section class=\"elementor-section elementor-top-section elementor-element elementor-element-0b5a8dd elementor-section-content-top elementor-reverse-tablet elementor-reverse-mobile elementor-section-boxed elementor-section-height-default elementor-section-height-default\" data-id=\"0b5a8dd\" data-element_type=\"section\" data-settings=\"{&quot;background_background&quot;:&quot;classic&quot;}\">\n\t\t\t\t\t\t<div class=\"elementor-container elementor-column-gap-default\">\n\t\t\t\t\t<div class=\"elementor-column elementor-col-50 elementor-top-column elementor-element elementor-element-c6fe092\" data-id=\"c6fe092\" data-element_type=\"column\">\n\t\t\t<div class=\"elementor-widget-wrap elementor-element-populated\">\n\t\t\t\t\t\t<div class=\"elementor-element elementor-element-ed22e43 elementor-widget elementor-widget-text-editor\" data-id=\"ed22e43\" data-element_type=\"widget\" data-widget_type=\"text-editor.default\">\n\t\t\t\t<div class=\"elementor-widget-container\">\n\t\t\t\t\t\t\t\t\t<p>Szeretne egy\u00fcttm\u0171k\u00f6dni vel\u00fcnk?<\/p>\t\t\t\t\t\t\t\t<\/div>\n\t\t\t\t<\/div>\n\t\t\t\t<div class=\"elementor-element elementor-element-e00b33d title-animate elementor-widget elementor-widget-heading\" data-id=\"e00b33d\" data-element_type=\"widget\" data-widget_type=\"heading.default\">\n\t\t\t\t<div class=\"elementor-widget-container\">\n\t\t\t\t\t<h2 class=\"elementor-heading-title elementor-size-default\">\u00d6n gy\u0171jt\u00e9si szakember?<\/h2>\t\t\t\t<\/div>\n\t\t\t\t<\/div>\n\t\t\t\t<div class=\"elementor-element elementor-element-c63263c elementor-widget elementor-widget-text-editor\" data-id=\"c63263c\" data-element_type=\"widget\" data-widget_type=\"text-editor.default\">\n\t\t\t\t<div class=\"elementor-widget-container\">\n\t\t\t\t\t\t\t\t\t<p>Az INTERNATIONAL RECOVER COMPANY\u00ae-n\u00e1l mindig keres\u00fcnk tehets\u00e9geket a helyre\u00e1ll\u00edt\u00e1si ter\u00fcleten, hogy gazdag\u00edtsuk eur\u00f3pai h\u00e1l\u00f3zatunkat. Legyen sz\u00f3 \u00fcgyv\u00e9dr\u0151l, b\u00edr\u00f3s\u00e1gi v\u00e9grehajt\u00f3r\u00f3l, f\u00fcggetlen behajt\u00e1si \u00fcgyn\u00f6kr\u0151l vagy az \u00e1gazat b\u00e1rmely m\u00e1s szakember\u00e9r\u0151l, k\u00e9rj\u00fck, vegye fontol\u00f3ra a vel\u00fcnk val\u00f3 egy\u00fcttm\u0171k\u00f6d\u00e9st. Ak\u00e1r m\u00e1r dolgozik az Eur\u00f3pai Uni\u00f3ban, ak\u00e1r azt fontolgatja, sz\u00edvesen megbesz\u00e9lj\u00fck az egy\u00fcttm\u0171k\u00f6d\u00e9si lehet\u0151s\u00e9geket, \u00e9s elmagyar\u00e1zzuk, hogyan tudn\u00e1nk egy\u00fctt dolgozni k\u00f6z\u00f6s ad\u00f3ss\u00e1gbehajt\u00e1si c\u00e9ljaink el\u00e9r\u00e9se \u00e9rdek\u00e9ben.<\/p>\t\t\t\t\t\t\t\t<\/div>\n\t\t\t\t<\/div>\n\t\t\t\t<div class=\"elementor-element elementor-element-26d5ccf elementor-align-left elementor-widget__width-auto elementor-widget elementor-widget-button\" data-id=\"26d5ccf\" data-element_type=\"widget\" data-widget_type=\"button.default\">\n\t\t\t\t<div class=\"elementor-widget-container\">\n\t\t\t\t\t\t\t\t\t<div class=\"elementor-button-wrapper\">\n\t\t\t\t\t<a class=\"elementor-button elementor-button-link elementor-size-sm\" href=\"https:\/\/www.recover.eu\/hu\/kapcsolatba-lepni\/#formcontact\">\n\t\t\t\t\t\t<span class=\"elementor-button-content-wrapper\">\n\t\t\t\t\t\t\t\t\t<span class=\"elementor-button-text\">l\u00e9pjen kapcsolatba vel\u00fcnk<\/span>\n\t\t\t\t\t<\/span>\n\t\t\t\t\t<\/a>\n\t\t\t\t<\/div>\n\t\t\t\t\t\t\t\t<\/div>\n\t\t\t\t<\/div>\n\t\t\t\t\t<\/div>\n\t\t<\/div>\n\t\t\t\t<div class=\"elementor-column elementor-col-50 elementor-top-column elementor-element elementor-element-3bbe059\" data-id=\"3bbe059\" data-element_type=\"column\">\n\t\t\t<div class=\"elementor-widget-wrap elementor-element-populated\">\n\t\t\t\t\t\t<div class=\"elementor-element elementor-element-7be27cc elementor-widget elementor-widget-image\" data-id=\"7be27cc\" data-element_type=\"widget\" data-widget_type=\"image.default\">\n\t\t\t\t<div class=\"elementor-widget-container\">\n\t\t\t\t\t\t\t\t\t\t\t\t\t\t\t<img fetchpriority=\"high\" decoding=\"async\" width=\"762\" height=\"456\" src=\"https:\/\/www.recover.eu\/wp-content\/uploads\/2023\/06\/06_AdobeStock_592595246.png\" class=\"attachment-large size-large wp-image-1027\" alt=\"\" srcset=\"https:\/\/www.recover.eu\/wp-content\/uploads\/2023\/06\/06_AdobeStock_592595246.png 762w, https:\/\/www.recover.eu\/wp-content\/uploads\/2023\/06\/06_AdobeStock_592595246-300x180.png 300w\" sizes=\"(max-width: 762px) 100vw, 762px\" \/>\t\t\t\t\t\t\t\t\t\t\t\t\t\t\t<\/div>\n\t\t\t\t<\/div>\n\t\t\t\t\t<\/div>\n\t\t<\/div>\n\t\t\t\t\t<\/div>\n\t\t<\/section>\n\t\t\t\t<\/div>","protected":false},"excerpt":{"rendered":"<p>Munk\u00e1t vagy egy\u00fcttm\u0171k\u00f6d\u00e9st keresel? \u00c1ll\u00e1st vagy kieg\u00e9sz\u00edt\u0151 munk\u00e1t keres k\u00f6vetel\u00e9sbehajt\u00e1si ter\u00fcleten? Szeretn\u00e9l egy dinamikus \u00e9s professzion\u00e1lis csapathoz csatlakozni, amely k\u00e9pz\u00e9si \u00e9s fejl\u0151d\u00e9si lehet\u0151s\u00e9get k\u00edn\u00e1l sz\u00e1modra? Osztod emberi \u00e9rt\u00e9keinket \u00e9s t\u00f6r\u0151dsz [\u2026]<\/p>","protected":false},"author":1,"featured_media":0,"parent":0,"menu_order":0,"comment_status":"closed","ping_status":"closed","template":"","meta":{"footnotes":""},"class_list":["post-393","page","type-page","status-publish","hentry"],"yoast_head":"<!-- This site is optimized with the Yoast SEO plugin v25.3.1 - https:\/\/yoast.com\/wordpress\/plugins\/seo\/ -->\n<title>Jobs - INTERNATIONAL RECOVER COMPANY<\/title>\n<meta name=\"description\" content=\"Vous \u00eates \u00e0 la recherche d\u2019un emploi dans le domaine du recouvrement de cr\u00e9ances et vous souhaitez rejoindre une \u00e9quipe dynamique ?\" \/>\n<meta name=\"robots\" content=\"index, follow, max-snippet:-1, max-image-preview:large, max-video-preview:-1\" \/>\n<link rel=\"canonical\" href=\"https:\/\/www.recover.eu\/hu\/munka-ajanlatok\/\" \/>\n<meta property=\"og:locale\" content=\"hu_HU\" \/>\n<meta property=\"og:type\" content=\"article\" \/>\n<meta property=\"og:title\" content=\"Jobs - INTERNATIONAL RECOVER COMPANY\" \/>\n<meta property=\"og:description\" content=\"Vous \u00eates \u00e0 la recherche d\u2019un emploi dans le domaine du recouvrement de cr\u00e9ances et vous souhaitez rejoindre une \u00e9quipe dynamique ?\" \/>\n<meta property=\"og:url\" content=\"https:\/\/www.recover.eu\/hu\/munka-ajanlatok\/\" \/>\n<meta property=\"og:site_name\" content=\"INTERNATIONAL RECOVER COMPANY\" \/>\n<meta property=\"article:publisher\" content=\"https:\/\/www.facebook.com\/RECOVER.EU\" \/>\n<meta property=\"article:modified_time\" content=\"2023-08-31T13:14:22+00:00\" \/>\n<meta property=\"og:image\" content=\"https:\/\/www.recover.eu\/wp-content\/uploads\/2023\/06\/06_AdobeStock_592595246.png\" \/>\n<meta name=\"twitter:card\" content=\"summary_large_image\" \/>\n<meta name=\"twitter:site\" content=\"@RECOVER_EU\" \/>\n<meta name=\"twitter:label1\" content=\"Becs\u00fclt olvas\u00e1si id\u0151\" \/>\n\t<meta name=\"twitter:data1\" content=\"2 perc\" \/>\n<script type=\"application\/ld+json\" class=\"yoast-schema-graph\">{\"@context\":\"https:\/\/schema.org\",\"@graph\":[{\"@type\":\"WebPage\",\"@id\":\"https:\/\/www.recover.eu\/offres-d-emploi\/\",\"url\":\"https:\/\/www.recover.eu\/offres-d-emploi\/\",\"name\":\"Jobs - INTERNATIONAL RECOVER COMPANY\",\"isPartOf\":{\"@id\":\"https:\/\/www.recover.eu\/#website\"},\"primaryImageOfPage\":{\"@id\":\"https:\/\/www.recover.eu\/offres-d-emploi\/#primaryimage\"},\"image\":{\"@id\":\"https:\/\/www.recover.eu\/offres-d-emploi\/#primaryimage\"},\"thumbnailUrl\":\"https:\/\/www.recover.eu\/wp-content\/uploads\/2023\/06\/06_AdobeStock_592595246.png\",\"datePublished\":\"2023-05-17T14:40:48+00:00\",\"dateModified\":\"2023-08-31T13:14:22+00:00\",\"description\":\"Vous \u00eates \u00e0 la recherche d\u2019un emploi dans le domaine du recouvrement de cr\u00e9ances et vous souhaitez rejoindre une \u00e9quipe dynamique ?\",\"breadcrumb\":{\"@id\":\"https:\/\/www.recover.eu\/offres-d-emploi\/#breadcrumb\"},\"inLanguage\":\"hu\",\"potentialAction\":[{\"@type\":\"ReadAction\",\"target\":[\"https:\/\/www.recover.eu\/offres-d-emploi\/\"]}]},{\"@type\":\"ImageObject\",\"inLanguage\":\"hu\",\"@id\":\"https:\/\/www.recover.eu\/offres-d-emploi\/#primaryimage\",\"url\":\"https:\/\/www.recover.eu\/wp-content\/uploads\/2023\/06\/06_AdobeStock_592595246.png\",\"contentUrl\":\"https:\/\/www.recover.eu\/wp-content\/uploads\/2023\/06\/06_AdobeStock_592595246.png\"},{\"@type\":\"BreadcrumbList\",\"@id\":\"https:\/\/www.recover.eu\/offres-d-emploi\/#breadcrumb\",\"itemListElement\":[{\"@type\":\"ListItem\",\"position\":1,\"name\":\"Accueil\",\"item\":\"https:\/\/www.recover.eu\/\"},{\"@type\":\"ListItem\",\"position\":2,\"name\":\"Jobs\"}]},{\"@type\":\"WebSite\",\"@id\":\"https:\/\/www.recover.eu\/#website\",\"url\":\"https:\/\/www.recover.eu\/\",\"name\":\"INTERNATIONAL RECOVER COMPANY\",\"description\":\"Votre partenaire de confiance pour la gestion et la r\u00e9solution de vos probl\u00e8mes de cr\u00e9ances.\",\"publisher\":{\"@id\":\"https:\/\/www.recover.eu\/#organization\"},\"potentialAction\":[{\"@type\":\"SearchAction\",\"target\":{\"@type\":\"EntryPoint\",\"urlTemplate\":\"https:\/\/www.recover.eu\/?s={search_term_string}\"},\"query-input\":{\"@type\":\"PropertyValueSpecification\",\"valueRequired\":true,\"valueName\":\"search_term_string\"}}],\"inLanguage\":\"hu\"},{\"@type\":\"Organization\",\"@id\":\"https:\/\/www.recover.eu\/#organization\",\"name\":\"INTERNATIONAL RECOVER COMPANY\u00ae\",\"url\":\"https:\/\/www.recover.eu\/\",\"logo\":{\"@type\":\"ImageObject\",\"inLanguage\":\"hu\",\"@id\":\"https:\/\/www.recover.eu\/#\/schema\/logo\/image\/\",\"url\":\"http:\/\/www.recover.eu\/wp-content\/uploads\/2023\/05\/logo-recover.png\",\"contentUrl\":\"http:\/\/www.recover.eu\/wp-content\/uploads\/2023\/05\/logo-recover.png\",\"width\":202,\"height\":115,\"caption\":\"INTERNATIONAL RECOVER COMPANY\u00ae\"},\"image\":{\"@id\":\"https:\/\/www.recover.eu\/#\/schema\/logo\/image\/\"},\"sameAs\":[\"https:\/\/www.facebook.com\/RECOVER.EU\",\"https:\/\/x.com\/RECOVER_EU\",\"https:\/\/www.linkedin.com\/company\/irc-group-sa\/\",\"https:\/\/www.instagram.com\/recover.eu\/\",\"https:\/\/www.youtube.com\/@internationalrecovercompan1612\"]}]}<\/script>\n<!-- \/ Yoast SEO plugin. -->","yoast_head_json":{"title":"Jobs - INTERNATIONAL RECOVER COMPANY","description":"Vous \u00eates \u00e0 la recherche d\u2019un emploi dans le domaine du recouvrement de cr\u00e9ances et vous souhaitez rejoindre une \u00e9quipe dynamique ?","robots":{"index":"index","follow":"follow","max-snippet":"max-snippet:-1","max-image-preview":"max-image-preview:large","max-video-preview":"max-video-preview:-1"},"canonical":"https:\/\/www.recover.eu\/hu\/munka-ajanlatok\/","og_locale":"hu_HU","og_type":"article","og_title":"Jobs - INTERNATIONAL RECOVER COMPANY","og_description":"Vous \u00eates \u00e0 la recherche d\u2019un emploi dans le domaine du recouvrement de cr\u00e9ances et vous souhaitez rejoindre une \u00e9quipe dynamique ?","og_url":"https:\/\/www.recover.eu\/hu\/munka-ajanlatok\/","og_site_name":"INTERNATIONAL RECOVER COMPANY","article_publisher":"https:\/\/www.facebook.com\/RECOVER.EU","article_modified_time":"2023-08-31T13:14:22+00:00","og_image":[{"url":"https:\/\/www.recover.eu\/wp-content\/uploads\/2023\/06\/06_AdobeStock_592595246.png","type":"","width":"","height":""}],"twitter_card":"summary_large_image","twitter_site":"@RECOVER_EU","twitter_misc":{"Becs\u00fclt olvas\u00e1si id\u0151":"2 perc"},"schema":{"@context":"https:\/\/schema.org","@graph":[{"@type":"WebPage","@id":"https:\/\/www.recover.eu\/offres-d-emploi\/","url":"https:\/\/www.recover.eu\/offres-d-emploi\/","name":"Jobs - INTERNATIONAL RECOVER COMPANY","isPartOf":{"@id":"https:\/\/www.recover.eu\/#website"},"primaryImageOfPage":{"@id":"https:\/\/www.recover.eu\/offres-d-emploi\/#primaryimage"},"image":{"@id":"https:\/\/www.recover.eu\/offres-d-emploi\/#primaryimage"},"thumbnailUrl":"https:\/\/www.recover.eu\/wp-content\/uploads\/2023\/06\/06_AdobeStock_592595246.png","datePublished":"2023-05-17T14:40:48+00:00","dateModified":"2023-08-31T13:14:22+00:00","description":"Vous \u00eates \u00e0 la recherche d\u2019un emploi dans le domaine du recouvrement de cr\u00e9ances et vous souhaitez rejoindre une \u00e9quipe dynamique ?","breadcrumb":{"@id":"https:\/\/www.recover.eu\/offres-d-emploi\/#breadcrumb"},"inLanguage":"hu","potentialAction":[{"@type":"ReadAction","target":["https:\/\/www.recover.eu\/offres-d-emploi\/"]}]},{"@type":"ImageObject","inLanguage":"hu","@id":"https:\/\/www.recover.eu\/offres-d-emploi\/#primaryimage","url":"https:\/\/www.recover.eu\/wp-content\/uploads\/2023\/06\/06_AdobeStock_592595246.png","contentUrl":"https:\/\/www.recover.eu\/wp-content\/uploads\/2023\/06\/06_AdobeStock_592595246.png"},{"@type":"BreadcrumbList","@id":"https:\/\/www.recover.eu\/offres-d-emploi\/#breadcrumb","itemListElement":[{"@type":"ListItem","position":1,"name":"Accueil","item":"https:\/\/www.recover.eu\/"},{"@type":"ListItem","position":2,"name":"Jobs"}]},{"@type":"WebSite","@id":"https:\/\/www.recover.eu\/#website","url":"https:\/\/www.recover.eu\/","name":"INTERNATIONAL RECOVER COMPANY","description":"Votre partenaire de confiance pour la gestion et la r\u00e9solution de vos probl\u00e8mes de cr\u00e9ances.","publisher":{"@id":"https:\/\/www.recover.eu\/#organization"},"potentialAction":[{"@type":"SearchAction","target":{"@type":"EntryPoint","urlTemplate":"https:\/\/www.recover.eu\/?s={search_term_string}"},"query-input":{"@type":"PropertyValueSpecification","valueRequired":true,"valueName":"search_term_string"}}],"inLanguage":"hu"},{"@type":"Organization","@id":"https:\/\/www.recover.eu\/#organization","name":"INTERNATIONAL RECOVER COMPANY\u00ae","url":"https:\/\/www.recover.eu\/","logo":{"@type":"ImageObject","inLanguage":"hu","@id":"https:\/\/www.recover.eu\/#\/schema\/logo\/image\/","url":"http:\/\/www.recover.eu\/wp-content\/uploads\/2023\/05\/logo-recover.png","contentUrl":"http:\/\/www.recover.eu\/wp-content\/uploads\/2023\/05\/logo-recover.png","width":202,"height":115,"caption":"INTERNATIONAL RECOVER COMPANY\u00ae"},"image":{"@id":"https:\/\/www.recover.eu\/#\/schema\/logo\/image\/"},"sameAs":["https:\/\/www.facebook.com\/RECOVER.EU","https:\/\/x.com\/RECOVER_EU","https:\/\/www.linkedin.com\/company\/irc-group-sa\/","https:\/\/www.instagram.com\/recover.eu\/","https:\/\/www.youtube.com\/@internationalrecovercompan1612"]}]}},"_links":{"self":[{"href":"https:\/\/www.recover.eu\/hu\/wp-json\/wp\/v2\/pages\/393","targetHints":{"allow":["GET"]}}],"collection":[{"href":"https:\/\/www.recover.eu\/hu\/wp-json\/wp\/v2\/pages"}],"about":[{"href":"https:\/\/www.recover.eu\/hu\/wp-json\/wp\/v2\/types\/page"}],"author":[{"embeddable":true,"href":"https:\/\/www.recover.eu\/hu\/wp-json\/wp\/v2\/users\/1"}],"replies":[{"embeddable":true,"href":"https:\/\/www.recover.eu\/hu\/wp-json\/wp\/v2\/comments?post=393"}],"version-history":[{"count":39,"href":"https:\/\/www.recover.eu\/hu\/wp-json\/wp\/v2\/pages\/393\/revisions"}],"predecessor-version":[{"id":2639,"href":"https:\/\/www.recover.eu\/hu\/wp-json\/wp\/v2\/pages\/393\/revisions\/2639"}],"wp:attachment":[{"href":"https:\/\/www.recover.eu\/hu\/wp-json\/wp\/v2\/media?parent=393"}],"curies":[{"name":"wp","href":"https:\/\/api.w.org\/{rel}","templated":true}]}}