{"id":724,"date":"2023-05-25T15:03:16","date_gmt":"2023-05-25T13:03:16","guid":{"rendered":"http:\/\/recover.jellyfishcreativestudio.be\/?page_id=724"},"modified":"2023-07-11T15:03:08","modified_gmt":"2023-07-11T13:03:08","slug":"privatsphar-politik-2","status":"publish","type":"page","link":"https:\/\/www.recover.eu\/lu_lu\/privatsphar-politik-2\/","title":{"rendered":"Privatsph\u00e4r Politik"},"content":{"rendered":"<div data-elementor-type=\"wp-page\" data-elementor-id=\"724\" class=\"elementor elementor-724\" data-elementor-post-type=\"page\">\n\t\t\t\t\t\t<section class=\"elementor-section elementor-top-section elementor-element elementor-element-a5e6229 elementor-section-boxed elementor-section-height-default elementor-section-height-default\" data-id=\"a5e6229\" data-element_type=\"section\">\n\t\t\t\t\t\t<div class=\"elementor-container elementor-column-gap-default\">\n\t\t\t\t\t<div class=\"elementor-column elementor-col-100 elementor-top-column elementor-element elementor-element-8890a79\" data-id=\"8890a79\" data-element_type=\"column\">\n\t\t\t<div class=\"elementor-widget-wrap elementor-element-populated\">\n\t\t\t\t\t\t<div class=\"elementor-element elementor-element-8a4f1c1 title-animate elementor-widget elementor-widget-heading\" data-id=\"8a4f1c1\" data-element_type=\"widget\" data-widget_type=\"heading.default\">\n\t\t\t\t<div class=\"elementor-widget-container\">\n\t\t\t\t\t<h2 class=\"elementor-heading-title elementor-size-default\">Privatsph\u00e4r Politik<\/h2>\t\t\t\t<\/div>\n\t\t\t\t<\/div>\n\t\t\t\t\t<\/div>\n\t\t<\/div>\n\t\t\t\t\t<\/div>\n\t\t<\/section>\n\t\t\t\t<section class=\"elementor-section elementor-top-section elementor-element elementor-element-ac43c8b elementor-section-boxed elementor-section-height-default elementor-section-height-default\" data-id=\"ac43c8b\" data-element_type=\"section\">\n\t\t\t\t\t\t<div class=\"elementor-container elementor-column-gap-default\">\n\t\t\t\t\t<div class=\"elementor-column elementor-col-100 elementor-top-column elementor-element elementor-element-18a9457\" data-id=\"18a9457\" data-element_type=\"column\">\n\t\t\t<div class=\"elementor-widget-wrap elementor-element-populated\">\n\t\t\t\t\t\t<div class=\"elementor-element elementor-element-a6fe326 title-animate elementor-widget elementor-widget-heading\" data-id=\"a6fe326\" data-element_type=\"widget\" data-widget_type=\"heading.default\">\n\t\t\t\t<div class=\"elementor-widget-container\">\n\t\t\t\t\t<h2 class=\"elementor-heading-title elementor-size-default\">1. Wien si mir?<\/h2>\t\t\t\t<\/div>\n\t\t\t\t<\/div>\n\t\t\t\t<div class=\"elementor-element elementor-element-dc58fdb elementor-widget elementor-widget-text-editor\" data-id=\"dc58fdb\" data-element_type=\"widget\" data-widget_type=\"text-editor.default\">\n\t\t\t\t<div class=\"elementor-widget-container\">\n\t\t\t\t\t\t\t\t\t<p><strong>INTERNATIONAL RECOVER COMPANY\u00ae<\/strong><br \/>Haapts\u00ebtz Adress: 2\/12 rue des Pr\u00e9montr\u00e9s BE- 4000 Li\u00e8ge<br \/>Site Redakter: Vinciane Jocqueau<br \/>Telefon: <span class=\"elementor-icon-list-text\">+32 (0)4 234 15 00 <\/span><br \/>E-Mail: <span class=\"elementor-icon-list-text\">info@recover.eu<\/span><\/p>\t\t\t\t\t\t\t\t<\/div>\n\t\t\t\t<\/div>\n\t\t\t\t<div class=\"elementor-element elementor-element-e276da4 title-animate elementor-widget elementor-widget-heading\" data-id=\"e276da4\" data-element_type=\"widget\" data-widget_type=\"heading.default\">\n\t\t\t\t<div class=\"elementor-widget-container\">\n\t\t\t\t\t<h2 class=\"elementor-heading-title elementor-size-default\">2. Benotzung vu Cookien<\/h2>\t\t\t\t<\/div>\n\t\t\t\t<\/div>\n\t\t\t\t<div class=\"elementor-element elementor-element-be5967a title-animate elementor-widget elementor-widget-heading\" data-id=\"be5967a\" data-element_type=\"widget\" data-widget_type=\"heading.default\">\n\t\t\t\t<div class=\"elementor-widget-container\">\n\t\t\t\t\t<h3 class=\"elementor-heading-title elementor-size-default\">2.1 Wat ass e Cookie?<\/h3>\t\t\t\t<\/div>\n\t\t\t\t<\/div>\n\t\t\t\t<div class=\"elementor-element elementor-element-7e1eec9 elementor-widget elementor-widget-text-editor\" data-id=\"7e1eec9\" data-element_type=\"widget\" data-widget_type=\"text-editor.default\">\n\t\t\t\t<div class=\"elementor-widget-container\">\n\t\t\t\t\t\t\t\t\t<p>E Cookie ass eng Datei d\u00e9i vun \u00c4rem Browser op \u00c4rem Computer gesat g\u00ebtt wann Dir um Internet surft. D\u00ebse Fichier besteet n\u00ebmmen aus Text. Et ass also komplett harmlos. D\u00ebs Datei g\u00ebtt vum Server vum Site gener\u00e9iert deen Dir besicht a g\u00ebtt an \u00c4ren Internetbrowser gesch\u00e9ckt. De Browser sp\u00e4ichert d&#039;Datei op \u00c4r Festplack. Tats\u00e4chlech huet de Server keen direkten Zougang zu \u00c4rem Computer. D\u00e9i grouss Majorit\u00e9it vu Site benotze Cookien fir richteg ze funktion\u00e9ieren an hir Ergonomie a Funktionalit\u00e9it ze optimis\u00e9ieren.<\/p>\t\t\t\t\t\t\t\t<\/div>\n\t\t\t\t<\/div>\n\t\t\t\t<div class=\"elementor-element elementor-element-6573baf title-animate elementor-widget elementor-widget-heading\" data-id=\"6573baf\" data-element_type=\"widget\" data-widget_type=\"heading.default\">\n\t\t\t\t<div class=\"elementor-widget-container\">\n\t\t\t\t\t<h3 class=\"elementor-heading-title elementor-size-default\">2.2 Fir wat benotze mir se?<\/h3>\t\t\t\t<\/div>\n\t\t\t\t<\/div>\n\t\t\t\t<div class=\"elementor-element elementor-element-5d2f698 elementor-widget elementor-widget-text-editor\" data-id=\"5d2f698\" data-element_type=\"widget\" data-widget_type=\"text-editor.default\">\n\t\t\t\t<div class=\"elementor-widget-container\">\n\t\t\t\t\t\t\t\t\t<p>Cookies ginn w\u00e4hrend \u00c4rem Besuch op eisem Site aktiv\u00e9iert. D\u00ebs Cookien sinn als Standard aktiv\u00e9iert; si stellen kee S\u00e9cherheetsrisiko fir \u00c4re Computer, Tablet oder Smartphone aus. Hir Pr\u00e4senz erlaabt<\/p>\n<ul>\n<li>d&#039;Behuele vun de Besucher op de S\u00e4iten verstoen;<\/li>\n<li>moosst d&#039;Zuel vun de Visiten, d&#039;Zuel vun de gekuckte S\u00e4iten souw\u00e9i d&#039;Aktivit\u00e9it vun de Besucher op de Site an hir Frequenz vum Retour fir de Site un d&#039;Ufroe vu senge Besucher unzepassen.<\/li>\n<\/ul>\t\t\t\t\t\t\t\t<\/div>\n\t\t\t\t<\/div>\n\t\t\t\t<div class=\"elementor-element elementor-element-5d98512 title-animate elementor-widget elementor-widget-heading\" data-id=\"5d98512\" data-element_type=\"widget\" data-widget_type=\"heading.default\">\n\t\t\t\t<div class=\"elementor-widget-container\">\n\t\t\t\t\t<h3 class=\"elementor-heading-title elementor-size-default\">2.3 W\u00e9i deaktiv\u00e9ieren ech se?<\/h3>\t\t\t\t<\/div>\n\t\t\t\t<\/div>\n\t\t\t\t<div class=\"elementor-element elementor-element-8300da9 elementor-widget elementor-widget-text-editor\" data-id=\"8300da9\" data-element_type=\"widget\" data-widget_type=\"text-editor.default\">\n\t\t\t\t<div class=\"elementor-widget-container\">\n\t\t\t\t\t\t\t\t\t<p>Dir k\u00ebnnt d\u00ebs verschidde Cookien konsult\u00e9ieren, iwwer hir N\u00ebtzlechkeet l\u00e9ieren an se deaktiv\u00e9ieren andeems Dir op de Tab &quot;Confidentialit\u00e9it&quot; \u00ebnnen l\u00e9nks op der S\u00e4it klickt an op &quot;Cookie-Astellungen&quot; gitt.<\/p><p>Vun enger m\u00e9i allgemenger Siicht k\u00ebnnt Dir \u00c4re Browser konfigur\u00e9ieren fir Iech z&#039;inform\u00e9ieren wann nei Cookien erstallt ginn an eventuell hir Installatioun verh\u00ebnneren. Dr\u00ebnner sinn d&#039;Schr\u00ebtt fir ze verfollegen:<\/p><ul><li>Chrome: <a href=\"http:\/\/support.google.com\/chrome\/bin\/answer.py?hl=fr&amp;answer=95647\">http:\/\/support.google.com\/chrome\/bin\/answer.py?hl=fr&amp;answer=95647<\/a><\/li><li>Firefox: <a href=\"http:\/\/support.mozilla.org\/fr\/kb\/activer-desactiver-cookies\">http:\/\/support.mozilla.org\/fr\/kb\/activer-desactiver-cookies<\/a><\/li><li>Safari: <a href=\"https:\/\/support.apple.com\/fr-be\/guide\/safari\/sfri11471\/mac\">https:\/\/support.apple.com\/fr-be\/guide\/safari\/sfri11471\/mac<\/a><\/li><li>Internet Explorer: <a href=\"https:\/\/support.microsoft.com\/fr-fr\/help\/17442\/windows-internet-explorer-delete-manage-cookies\">https:\/\/support.microsoft.com\/fr-fr\/help\/17442\/windows-internet-explorer-delete-manage-cookies<\/a><\/li><\/ul><p>Dir w\u00e4ert den Zougang zu eisem Site net verweigert ginn wann Dir decid\u00e9iert se ze desaktiv\u00e9ieren.<\/p>\t\t\t\t\t\t\t\t<\/div>\n\t\t\t\t<\/div>\n\t\t\t\t<div class=\"elementor-element elementor-element-4b6c4bd title-animate elementor-widget elementor-widget-heading\" data-id=\"4b6c4bd\" data-element_type=\"widget\" data-widget_type=\"heading.default\">\n\t\t\t\t<div class=\"elementor-widget-container\">\n\t\t\t\t\t<h2 class=\"elementor-heading-title elementor-size-default\">3. Dateschutz<\/h2>\t\t\t\t<\/div>\n\t\t\t\t<\/div>\n\t\t\t\t<div class=\"elementor-element elementor-element-3a43f5a elementor-widget elementor-widget-text-editor\" data-id=\"3a43f5a\" data-element_type=\"widget\" data-widget_type=\"text-editor.default\">\n\t\t\t\t<div class=\"elementor-widget-container\">\n\t\t\t\t\t\t\t\t\t<p>Am Aklang mam Gesetz vum 6. Januar 1978, wat d&#039;Dateveraarbechtung, d&#039;Dateien an d&#039;Fr\u00e4iheeten ugeet, hutt Dir d&#039;Recht op Donn\u00e9e\u00ebn, d\u00e9i Iech betreffen, ze kr\u00e9ien, z&#039;\u00e4nneren, ze korrig\u00e9ieren oder ze l\u00e4schen.<\/p><p class=\"translation-block\">Am Aklang mat der General Data Protection Regulation (GDPR) vum Mee 25, 2018, ass d&#039;Sammlung vun \u00c4ren Informatioun n\u00ebmme fir Informatioun fir INTERNATIONAL RECOVER COMPANY <strong>\u00ae<\/strong> : si gi veraarbecht fir \u00c4r Benotzererfarung ze verbesseren. \u00c4r Donn\u00e9e\u00eb ginn net verbreet oder ausgetosch.<\/p><p>Dir k\u00ebnnt \u00c4ert Recht op Zougang zu Informatioun aus\u00fcben, d\u00e9i Iech betr\u00ebfft, andeems Dir eis op der folgender Adress kontakt\u00e9iert: info@recover.eu.<\/p>\t\t\t\t\t\t\t\t<\/div>\n\t\t\t\t<\/div>\n\t\t\t\t<div class=\"elementor-element elementor-element-f48e9c5 title-animate elementor-widget elementor-widget-heading\" data-id=\"f48e9c5\" data-element_type=\"widget\" data-widget_type=\"heading.default\">\n\t\t\t\t<div class=\"elementor-widget-container\">\n\t\t\t\t\t<h3 class=\"elementor-heading-title elementor-size-default\">3.1 W\u00e9i eng Donn\u00e9e\u00eb gi gesammelt?\n<\/h3>\t\t\t\t<\/div>\n\t\t\t\t<\/div>\n\t\t\t\t<div class=\"elementor-element elementor-element-4f0b068 elementor-widget elementor-widget-text-editor\" data-id=\"4f0b068\" data-element_type=\"widget\" data-widget_type=\"text-editor.default\">\n\t\t\t\t<div class=\"elementor-widget-container\">\n\t\t\t\t\t\t\t\t\t<p>D&#039;Donn\u00e9e\u00ebn, d\u00e9i iwwer eise Kontaktformular gesammelt ginn, gi benotzt fir eis d\u00e9i n\u00e9ideg Informatioun ze ginn fir am beschten op \u00c4r Ufro ze reag\u00e9ieren. D\u00e9i eenzeg Donn\u00e9e\u00ebn d\u00e9i mir k\u00ebnne kr\u00e9ien sinn:<\/p><ul><li>\u00c4re Virnumm a Virnumm<\/li><li>\u00c4r Mail<\/li><li>\u00c4r Telefonsnummer<\/li><li>\u00c4r Dateinummer<\/li><li>\u00c4r Adress<\/li><li>\u00c4r Funktioun<\/li><li>Informatioun iwwer \u00c4re Message<\/li><\/ul>\t\t\t\t\t\t\t\t<\/div>\n\t\t\t\t<\/div>\n\t\t\t\t<div class=\"elementor-element elementor-element-5f96875 title-animate elementor-widget elementor-widget-heading\" data-id=\"5f96875\" data-element_type=\"widget\" data-widget_type=\"heading.default\">\n\t\t\t\t<div class=\"elementor-widget-container\">\n\t\t\t\t\t<h3 class=\"elementor-heading-title elementor-size-default\">3.2 W\u00e9i gi se gesch\u00fctzt?<\/h3>\t\t\t\t<\/div>\n\t\t\t\t<\/div>\n\t\t\t\t<div class=\"elementor-element elementor-element-fbab310 elementor-widget elementor-widget-text-editor\" data-id=\"fbab310\" data-element_type=\"widget\" data-widget_type=\"text-editor.default\">\n\t\t\t\t<div class=\"elementor-widget-container\">\n\t\t\t\t\t\t\t\t\t<p>Eise Site gouf mat WordPress entw\u00e9ckelt. WordPress an d\u00e9i verschidden Extensiounen, d\u00e9i mir benotzen, gi regelm\u00e9isseg aktualis\u00e9iert fir e S\u00e9cherheetsbroch sou vill w\u00e9i m\u00e9iglech ze vermeiden.<\/p><p>Mir benotzen och S\u00e9cherheetsplugins fir onerlaabt Login op eiser Webs\u00e4it sou vill w\u00e9i m\u00e9iglech ze verh\u00ebnneren.<\/p>\t\t\t\t\t\t\t\t<\/div>\n\t\t\t\t<\/div>\n\t\t\t\t\t<\/div>\n\t\t<\/div>\n\t\t\t\t\t<\/div>\n\t\t<\/section>\n\t\t\t\t<\/div>","protected":false},"excerpt":{"rendered":"<p>Dateschutzpolitik 1. Wien si mir?\u200b INTERNATIONAL RECOVER COMPANY\u00aeHead office address: 2\/12 rue des Pr\u00e9montr\u00e9s BE- 4000 Li\u00e8geSite Editor: Vinciane JocqueauTelefon: +32 (0)4 234 15 00 E-Mail: info @recover.eu 2. Notzung vu Cookien 2.1 Wat ass e Cookie? E Cookie ass eng Datei d\u00e9i vun \u00c4rem [\u2026]<\/p>","protected":false},"author":1,"featured_media":0,"parent":0,"menu_order":0,"comment_status":"closed","ping_status":"closed","template":"","meta":{"footnotes":""},"class_list":["post-724","page","type-page","status-publish","hentry"],"yoast_head":"<!-- This site is optimized with the Yoast SEO plugin v25.3.1 - https:\/\/yoast.com\/wordpress\/plugins\/seo\/ -->\n<title>Politique de confidentialit\u00e9 - INTERNATIONAL RECOVER COMPANY<\/title>\n<meta name=\"description\" content=\"Acc\u00e9der \u00e0 nos politiques de confidentialit\u00e9 par ici et constatez que nous respectons toutes les conventions RGPD.\" \/>\n<meta name=\"robots\" content=\"index, follow, max-snippet:-1, max-image-preview:large, max-video-preview:-1\" \/>\n<link rel=\"canonical\" href=\"https:\/\/www.recover.eu\/lu_lu\/privatsphar-politik-2\/\" \/>\n<meta property=\"og:locale\" content=\"en_US\" \/>\n<meta property=\"og:type\" content=\"article\" \/>\n<meta property=\"og:title\" content=\"Politique de confidentialit\u00e9 - INTERNATIONAL RECOVER COMPANY\" \/>\n<meta property=\"og:description\" content=\"Acc\u00e9der \u00e0 nos politiques de confidentialit\u00e9 par ici et constatez que nous respectons toutes les conventions RGPD.\" \/>\n<meta property=\"og:url\" content=\"https:\/\/www.recover.eu\/lu_lu\/privatsphar-politik-2\/\" \/>\n<meta property=\"og:site_name\" content=\"INTERNATIONAL RECOVER COMPANY\" \/>\n<meta property=\"article:publisher\" content=\"https:\/\/www.facebook.com\/RECOVER.EU\" \/>\n<meta property=\"article:modified_time\" content=\"2023-07-11T13:03:08+00:00\" \/>\n<meta name=\"twitter:card\" content=\"summary_large_image\" \/>\n<meta name=\"twitter:site\" content=\"@RECOVER_EU\" \/>\n<meta name=\"twitter:label1\" content=\"Est. reading time\" \/>\n\t<meta name=\"twitter:data1\" content=\"3 minutes\" \/>\n<script type=\"application\/ld+json\" class=\"yoast-schema-graph\">{\"@context\":\"https:\/\/schema.org\",\"@graph\":[{\"@type\":\"WebPage\",\"@id\":\"https:\/\/www.recover.eu\/politique-de-confidentialite\/\",\"url\":\"https:\/\/www.recover.eu\/politique-de-confidentialite\/\",\"name\":\"Politique de confidentialit\u00e9 - INTERNATIONAL RECOVER COMPANY\",\"isPartOf\":{\"@id\":\"https:\/\/www.recover.eu\/#website\"},\"datePublished\":\"2023-05-25T13:03:16+00:00\",\"dateModified\":\"2023-07-11T13:03:08+00:00\",\"description\":\"Acc\u00e9der \u00e0 nos politiques de confidentialit\u00e9 par ici et constatez que nous respectons toutes les conventions RGPD.\",\"breadcrumb\":{\"@id\":\"https:\/\/www.recover.eu\/politique-de-confidentialite\/#breadcrumb\"},\"inLanguage\":\"lu-LU\",\"potentialAction\":[{\"@type\":\"ReadAction\",\"target\":[\"https:\/\/www.recover.eu\/politique-de-confidentialite\/\"]}]},{\"@type\":\"BreadcrumbList\",\"@id\":\"https:\/\/www.recover.eu\/politique-de-confidentialite\/#breadcrumb\",\"itemListElement\":[{\"@type\":\"ListItem\",\"position\":1,\"name\":\"Accueil\",\"item\":\"https:\/\/www.recover.eu\/\"},{\"@type\":\"ListItem\",\"position\":2,\"name\":\"Politique de confidentialit\u00e9\"}]},{\"@type\":\"WebSite\",\"@id\":\"https:\/\/www.recover.eu\/#website\",\"url\":\"https:\/\/www.recover.eu\/\",\"name\":\"INTERNATIONAL RECOVER COMPANY\",\"description\":\"Votre partenaire de confiance pour la gestion et la r\u00e9solution de vos probl\u00e8mes de cr\u00e9ances.\",\"publisher\":{\"@id\":\"https:\/\/www.recover.eu\/#organization\"},\"potentialAction\":[{\"@type\":\"SearchAction\",\"target\":{\"@type\":\"EntryPoint\",\"urlTemplate\":\"https:\/\/www.recover.eu\/?s={search_term_string}\"},\"query-input\":{\"@type\":\"PropertyValueSpecification\",\"valueRequired\":true,\"valueName\":\"search_term_string\"}}],\"inLanguage\":\"lu-LU\"},{\"@type\":\"Organization\",\"@id\":\"https:\/\/www.recover.eu\/#organization\",\"name\":\"INTERNATIONAL RECOVER COMPANY\u00ae\",\"url\":\"https:\/\/www.recover.eu\/\",\"logo\":{\"@type\":\"ImageObject\",\"inLanguage\":\"lu-LU\",\"@id\":\"https:\/\/www.recover.eu\/#\/schema\/logo\/image\/\",\"url\":\"http:\/\/www.recover.eu\/wp-content\/uploads\/2023\/05\/logo-recover.png\",\"contentUrl\":\"http:\/\/www.recover.eu\/wp-content\/uploads\/2023\/05\/logo-recover.png\",\"width\":202,\"height\":115,\"caption\":\"INTERNATIONAL RECOVER COMPANY\u00ae\"},\"image\":{\"@id\":\"https:\/\/www.recover.eu\/#\/schema\/logo\/image\/\"},\"sameAs\":[\"https:\/\/www.facebook.com\/RECOVER.EU\",\"https:\/\/x.com\/RECOVER_EU\",\"https:\/\/www.linkedin.com\/company\/irc-group-sa\/\",\"https:\/\/www.instagram.com\/recover.eu\/\",\"https:\/\/www.youtube.com\/@internationalrecovercompan1612\"]}]}<\/script>\n<!-- \/ Yoast SEO plugin. -->","yoast_head_json":{"title":"Politique de confidentialit\u00e9 - INTERNATIONAL RECOVER COMPANY","description":"Acc\u00e9der \u00e0 nos politiques de confidentialit\u00e9 par ici et constatez que nous respectons toutes les conventions RGPD.","robots":{"index":"index","follow":"follow","max-snippet":"max-snippet:-1","max-image-preview":"max-image-preview:large","max-video-preview":"max-video-preview:-1"},"canonical":"https:\/\/www.recover.eu\/lu_lu\/privatsphar-politik-2\/","og_locale":"en_US","og_type":"article","og_title":"Politique de confidentialit\u00e9 - INTERNATIONAL RECOVER COMPANY","og_description":"Acc\u00e9der \u00e0 nos politiques de confidentialit\u00e9 par ici et constatez que nous respectons toutes les conventions RGPD.","og_url":"https:\/\/www.recover.eu\/lu_lu\/privatsphar-politik-2\/","og_site_name":"INTERNATIONAL RECOVER COMPANY","article_publisher":"https:\/\/www.facebook.com\/RECOVER.EU","article_modified_time":"2023-07-11T13:03:08+00:00","twitter_card":"summary_large_image","twitter_site":"@RECOVER_EU","twitter_misc":{"Est. reading time":"3 minutes"},"schema":{"@context":"https:\/\/schema.org","@graph":[{"@type":"WebPage","@id":"https:\/\/www.recover.eu\/politique-de-confidentialite\/","url":"https:\/\/www.recover.eu\/politique-de-confidentialite\/","name":"Politique de confidentialit\u00e9 - INTERNATIONAL RECOVER COMPANY","isPartOf":{"@id":"https:\/\/www.recover.eu\/#website"},"datePublished":"2023-05-25T13:03:16+00:00","dateModified":"2023-07-11T13:03:08+00:00","description":"Acc\u00e9der \u00e0 nos politiques de confidentialit\u00e9 par ici et constatez que nous respectons toutes les conventions RGPD.","breadcrumb":{"@id":"https:\/\/www.recover.eu\/politique-de-confidentialite\/#breadcrumb"},"inLanguage":"lu-LU","potentialAction":[{"@type":"ReadAction","target":["https:\/\/www.recover.eu\/politique-de-confidentialite\/"]}]},{"@type":"BreadcrumbList","@id":"https:\/\/www.recover.eu\/politique-de-confidentialite\/#breadcrumb","itemListElement":[{"@type":"ListItem","position":1,"name":"Accueil","item":"https:\/\/www.recover.eu\/"},{"@type":"ListItem","position":2,"name":"Politique de confidentialit\u00e9"}]},{"@type":"WebSite","@id":"https:\/\/www.recover.eu\/#website","url":"https:\/\/www.recover.eu\/","name":"INTERNATIONAL RECOVER COMPANY","description":"Votre partenaire de confiance pour la gestion et la r\u00e9solution de vos probl\u00e8mes de cr\u00e9ances.","publisher":{"@id":"https:\/\/www.recover.eu\/#organization"},"potentialAction":[{"@type":"SearchAction","target":{"@type":"EntryPoint","urlTemplate":"https:\/\/www.recover.eu\/?s={search_term_string}"},"query-input":{"@type":"PropertyValueSpecification","valueRequired":true,"valueName":"search_term_string"}}],"inLanguage":"lu-LU"},{"@type":"Organization","@id":"https:\/\/www.recover.eu\/#organization","name":"INTERNATIONAL RECOVER COMPANY\u00ae","url":"https:\/\/www.recover.eu\/","logo":{"@type":"ImageObject","inLanguage":"lu-LU","@id":"https:\/\/www.recover.eu\/#\/schema\/logo\/image\/","url":"http:\/\/www.recover.eu\/wp-content\/uploads\/2023\/05\/logo-recover.png","contentUrl":"http:\/\/www.recover.eu\/wp-content\/uploads\/2023\/05\/logo-recover.png","width":202,"height":115,"caption":"INTERNATIONAL RECOVER COMPANY\u00ae"},"image":{"@id":"https:\/\/www.recover.eu\/#\/schema\/logo\/image\/"},"sameAs":["https:\/\/www.facebook.com\/RECOVER.EU","https:\/\/x.com\/RECOVER_EU","https:\/\/www.linkedin.com\/company\/irc-group-sa\/","https:\/\/www.instagram.com\/recover.eu\/","https:\/\/www.youtube.com\/@internationalrecovercompan1612"]}]}},"_links":{"self":[{"href":"https:\/\/www.recover.eu\/lu_lu\/wp-json\/wp\/v2\/pages\/724","targetHints":{"allow":["GET"]}}],"collection":[{"href":"https:\/\/www.recover.eu\/lu_lu\/wp-json\/wp\/v2\/pages"}],"about":[{"href":"https:\/\/www.recover.eu\/lu_lu\/wp-json\/wp\/v2\/types\/page"}],"author":[{"embeddable":true,"href":"https:\/\/www.recover.eu\/lu_lu\/wp-json\/wp\/v2\/users\/1"}],"replies":[{"embeddable":true,"href":"https:\/\/www.recover.eu\/lu_lu\/wp-json\/wp\/v2\/comments?post=724"}],"version-history":[{"count":0,"href":"https:\/\/www.recover.eu\/lu_lu\/wp-json\/wp\/v2\/pages\/724\/revisions"}],"wp:attachment":[{"href":"https:\/\/www.recover.eu\/lu_lu\/wp-json\/wp\/v2\/media?parent=724"}],"curies":[{"name":"wp","href":"https:\/\/api.w.org\/{rel}","templated":true}]}}