{"id":724,"date":"2023-05-25T15:03:16","date_gmt":"2023-05-25T13:03:16","guid":{"rendered":"http:\/\/recover.jellyfishcreativestudio.be\/?page_id=724"},"modified":"2023-07-11T15:03:08","modified_gmt":"2023-07-11T13:03:08","slug":"privacybeleid-2","status":"publish","type":"page","link":"https:\/\/www.recover.eu\/nl_be\/privacybeleid-2\/","title":{"rendered":"Privacybeleid"},"content":{"rendered":"<div data-elementor-type=\"wp-page\" data-elementor-id=\"724\" class=\"elementor elementor-724\" data-elementor-post-type=\"page\">\n\t\t\t\t\t\t<section class=\"elementor-section elementor-top-section elementor-element elementor-element-a5e6229 elementor-section-boxed elementor-section-height-default elementor-section-height-default\" data-id=\"a5e6229\" data-element_type=\"section\">\n\t\t\t\t\t\t<div class=\"elementor-container elementor-column-gap-default\">\n\t\t\t\t\t<div class=\"elementor-column elementor-col-100 elementor-top-column elementor-element elementor-element-8890a79\" data-id=\"8890a79\" data-element_type=\"column\">\n\t\t\t<div class=\"elementor-widget-wrap elementor-element-populated\">\n\t\t\t\t\t\t<div class=\"elementor-element elementor-element-8a4f1c1 title-animate elementor-widget elementor-widget-heading\" data-id=\"8a4f1c1\" data-element_type=\"widget\" data-widget_type=\"heading.default\">\n\t\t\t\t<div class=\"elementor-widget-container\">\n\t\t\t\t\t<h2 class=\"elementor-heading-title elementor-size-default\">Privacybeleid<\/h2>\t\t\t\t<\/div>\n\t\t\t\t<\/div>\n\t\t\t\t\t<\/div>\n\t\t<\/div>\n\t\t\t\t\t<\/div>\n\t\t<\/section>\n\t\t\t\t<section class=\"elementor-section elementor-top-section elementor-element elementor-element-ac43c8b elementor-section-boxed elementor-section-height-default elementor-section-height-default\" data-id=\"ac43c8b\" data-element_type=\"section\">\n\t\t\t\t\t\t<div class=\"elementor-container elementor-column-gap-default\">\n\t\t\t\t\t<div class=\"elementor-column elementor-col-100 elementor-top-column elementor-element elementor-element-18a9457\" data-id=\"18a9457\" data-element_type=\"column\">\n\t\t\t<div class=\"elementor-widget-wrap elementor-element-populated\">\n\t\t\t\t\t\t<div class=\"elementor-element elementor-element-a6fe326 title-animate elementor-widget elementor-widget-heading\" data-id=\"a6fe326\" data-element_type=\"widget\" data-widget_type=\"heading.default\">\n\t\t\t\t<div class=\"elementor-widget-container\">\n\t\t\t\t\t<h2 class=\"elementor-heading-title elementor-size-default\">1. Wie zijn wij?\u200b<\/h2>\t\t\t\t<\/div>\n\t\t\t\t<\/div>\n\t\t\t\t<div class=\"elementor-element elementor-element-dc58fdb elementor-widget elementor-widget-text-editor\" data-id=\"dc58fdb\" data-element_type=\"widget\" data-widget_type=\"text-editor.default\">\n\t\t\t\t<div class=\"elementor-widget-container\">\n\t\t\t\t\t\t\t\t\t<p><strong>INTERNATIONAL RECOVER COMPANY\u00ae<\/strong><br \/>Adres hoofdkantoor: 2\/12 rue des Pr\u00e9montr\u00e9s BE- 4000 Li\u00e8ge<br \/>Site-editor: Vinciane Jocqueau<br \/>Telefoon: <span class=\"elementor-icon-list-text\">+32 (0)4 234 15 00 <\/span><br \/>E-mailadres: <span class=\"elementor-icon-list-text\">info@recover.eu<\/span><\/p>\t\t\t\t\t\t\t\t<\/div>\n\t\t\t\t<\/div>\n\t\t\t\t<div class=\"elementor-element elementor-element-e276da4 title-animate elementor-widget elementor-widget-heading\" data-id=\"e276da4\" data-element_type=\"widget\" data-widget_type=\"heading.default\">\n\t\t\t\t<div class=\"elementor-widget-container\">\n\t\t\t\t\t<h2 class=\"elementor-heading-title elementor-size-default\">2. Gebruik van cookies<\/h2>\t\t\t\t<\/div>\n\t\t\t\t<\/div>\n\t\t\t\t<div class=\"elementor-element elementor-element-be5967a title-animate elementor-widget elementor-widget-heading\" data-id=\"be5967a\" data-element_type=\"widget\" data-widget_type=\"heading.default\">\n\t\t\t\t<div class=\"elementor-widget-container\">\n\t\t\t\t\t<h3 class=\"elementor-heading-title elementor-size-default\">2.1 Wat is een cookie?<\/h3>\t\t\t\t<\/div>\n\t\t\t\t<\/div>\n\t\t\t\t<div class=\"elementor-element elementor-element-7e1eec9 elementor-widget elementor-widget-text-editor\" data-id=\"7e1eec9\" data-element_type=\"widget\" data-widget_type=\"text-editor.default\">\n\t\t\t\t<div class=\"elementor-widget-container\">\n\t\t\t\t\t\t\t\t\t<p>Een cookie is een bestand dat door uw browser op uw computer wordt geplaatst wanneer u op internet surft. Dit bestand bestaat alleen uit tekst. Het is dus volkomen ongevaarlijk. Dit bestand wordt gegenereerd door de server van de site die u bezoekt en wordt naar uw internetbrowser gestuurd. De browser slaat het bestand op uw harde schijf op. De server heeft inderdaad geen directe toegang tot uw computer. De overgrote meerderheid van de sites gebruikt cookies om goed te functioneren en hun ergonomie en functionaliteit te optimaliseren.<\/p>\t\t\t\t\t\t\t\t<\/div>\n\t\t\t\t<\/div>\n\t\t\t\t<div class=\"elementor-element elementor-element-6573baf title-animate elementor-widget elementor-widget-heading\" data-id=\"6573baf\" data-element_type=\"widget\" data-widget_type=\"heading.default\">\n\t\t\t\t<div class=\"elementor-widget-container\">\n\t\t\t\t\t<h3 class=\"elementor-heading-title elementor-size-default\">2.2 Waarvoor gebruiken we ze?<\/h3>\t\t\t\t<\/div>\n\t\t\t\t<\/div>\n\t\t\t\t<div class=\"elementor-element elementor-element-5d2f698 elementor-widget elementor-widget-text-editor\" data-id=\"5d2f698\" data-element_type=\"widget\" data-widget_type=\"text-editor.default\">\n\t\t\t\t<div class=\"elementor-widget-container\">\n\t\t\t\t\t\t\t\t\t<p>Tijdens uw bezoek aan onze site worden cookies geactiveerd. Deze cookies zijn standaard ingeschakeld; ze vormen geen veiligheidsrisico voor uw computer, tablet of smartphone. Hun aanwezigheid maakt het mogelijk<\/p>\n<ul>\n<li>het gedrag van bezoekers op de pagina&#039;s begrijpen;<\/li>\n<li>het aantal bezoeken, het aantal bekeken pagina&#039;s, de activiteit van de bezoekers van de site en hun frequentie van terugkeer meten om de site aan te passen aan de verzoeken van de bezoekers.<\/li>\n<\/ul>\t\t\t\t\t\t\t\t<\/div>\n\t\t\t\t<\/div>\n\t\t\t\t<div class=\"elementor-element elementor-element-5d98512 title-animate elementor-widget elementor-widget-heading\" data-id=\"5d98512\" data-element_type=\"widget\" data-widget_type=\"heading.default\">\n\t\t\t\t<div class=\"elementor-widget-container\">\n\t\t\t\t\t<h3 class=\"elementor-heading-title elementor-size-default\">2.3 Hoe ze te deactiveren?<\/h3>\t\t\t\t<\/div>\n\t\t\t\t<\/div>\n\t\t\t\t<div class=\"elementor-element elementor-element-8300da9 elementor-widget elementor-widget-text-editor\" data-id=\"8300da9\" data-element_type=\"widget\" data-widget_type=\"text-editor.default\">\n\t\t\t\t<div class=\"elementor-widget-container\">\n\t\t\t\t\t\t\t\t\t<p>U kunt deze verschillende cookies raadplegen, hun nut leren kennen en ze deactiveren door op het tabblad &quot;Vertrouwelijkheid&quot; linksonder op de pagina te klikken en naar &quot;Cookie-instellingen&quot; te gaan.<\/p><p>Vanuit een meer algemeen oogpunt kunt u uw browser configureren om u te informeren wanneer nieuwe cookies worden aangemaakt en mogelijk de installatie ervan te voorkomen. Hieronder staan de te volgen stappen:<\/p><ul><li>chroom: <a href=\"http:\/\/support.google.com\/chrome\/bin\/answer.py?hl=fr&amp;answer=95647\">http:\/\/support.google.com\/chrome\/bin\/answer.py?hl=fr&amp;answer=95647<\/a><\/li><li>Firefox: <a href=\"http:\/\/support.mozilla.org\/fr\/kb\/activer-desactiver-cookies\">http:\/\/support.mozilla.org\/fr\/kb\/activer-desactiver-cookies<\/a><\/li><li>Safari: <a href=\"https:\/\/support.apple.com\/fr-be\/guide\/safari\/sfri11471\/mac\">https:\/\/support.apple.com\/fr-be\/guide\/safari\/sfri11471\/mac<\/a><\/li><li>Internet Explorer: <a href=\"https:\/\/support.microsoft.com\/fr-fr\/help\/17442\/windows-internet-explorer-delete-manage-cookies\">https:\/\/support.microsoft.com\/fr-fr\/help\/17442\/windows-internet-explorer-delete-manage-cookies<\/a><\/li><\/ul><p>U wordt de toegang tot onze site niet ontzegd als u besluit deze te deactiveren.<\/p>\t\t\t\t\t\t\t\t<\/div>\n\t\t\t\t<\/div>\n\t\t\t\t<div class=\"elementor-element elementor-element-4b6c4bd title-animate elementor-widget elementor-widget-heading\" data-id=\"4b6c4bd\" data-element_type=\"widget\" data-widget_type=\"heading.default\">\n\t\t\t\t<div class=\"elementor-widget-container\">\n\t\t\t\t\t<h2 class=\"elementor-heading-title elementor-size-default\">3. Gegevensbescherming<\/h2>\t\t\t\t<\/div>\n\t\t\t\t<\/div>\n\t\t\t\t<div class=\"elementor-element elementor-element-3a43f5a elementor-widget elementor-widget-text-editor\" data-id=\"3a43f5a\" data-element_type=\"widget\" data-widget_type=\"text-editor.default\">\n\t\t\t\t<div class=\"elementor-widget-container\">\n\t\t\t\t\t\t\t\t\t<p>Overeenkomstig de wet van 6 januari 1978 betreffende informatica, bestanden en vrijheden, hebt u het recht op toegang, wijziging, rectificatie of verwijdering van uw gegevens.<\/p><p class=\"translation-block\">In overeenstemming met de Algemene Verordening Gegevensbescherming (AVG) van 25 mei 2018, is het verzamelen van uw gegevens uitsluitend ter informatie voor INTERNATIONAL RECOVER COMPANY <strong>\u00ae<\/strong> : ze worden verwerkt om uw gebruikerservaring te verbeteren. Uw gegevens worden niet verspreid of uitgewisseld.<\/p><p>U kunt uw recht op toegang tot informatie die op u betrekking heeft, uitoefenen door contact met ons op te nemen op het volgende adres: info@recover.eu.<\/p>\t\t\t\t\t\t\t\t<\/div>\n\t\t\t\t<\/div>\n\t\t\t\t<div class=\"elementor-element elementor-element-f48e9c5 title-animate elementor-widget elementor-widget-heading\" data-id=\"f48e9c5\" data-element_type=\"widget\" data-widget_type=\"heading.default\">\n\t\t\t\t<div class=\"elementor-widget-container\">\n\t\t\t\t\t<h3 class=\"elementor-heading-title elementor-size-default\">3.1 Welke gegevens worden verzameld?\n<\/h3>\t\t\t\t<\/div>\n\t\t\t\t<\/div>\n\t\t\t\t<div class=\"elementor-element elementor-element-4f0b068 elementor-widget elementor-widget-text-editor\" data-id=\"4f0b068\" data-element_type=\"widget\" data-widget_type=\"text-editor.default\">\n\t\t\t\t<div class=\"elementor-widget-container\">\n\t\t\t\t\t\t\t\t\t<p>De gegevens die via ons contactformulier worden verzameld, worden gebruikt om ons de informatie te verstrekken die nodig is om zo goed mogelijk op uw verzoek te reageren. De enige gegevens die we kunnen krijgen zijn:<\/p><ul><li>Uw voor- en achternaam<\/li><li>Jouw mail<\/li><li>Jouw telefoon nummer<\/li><li>Uw dossiernummer<\/li><li>Jouw adres<\/li><li>jouw functie<\/li><li>Informatie over uw bericht<\/li><\/ul>\t\t\t\t\t\t\t\t<\/div>\n\t\t\t\t<\/div>\n\t\t\t\t<div class=\"elementor-element elementor-element-5f96875 title-animate elementor-widget elementor-widget-heading\" data-id=\"5f96875\" data-element_type=\"widget\" data-widget_type=\"heading.default\">\n\t\t\t\t<div class=\"elementor-widget-container\">\n\t\t\t\t\t<h3 class=\"elementor-heading-title elementor-size-default\">3.2 Hoe worden ze beschermd?<\/h3>\t\t\t\t<\/div>\n\t\t\t\t<\/div>\n\t\t\t\t<div class=\"elementor-element elementor-element-fbab310 elementor-widget elementor-widget-text-editor\" data-id=\"fbab310\" data-element_type=\"widget\" data-widget_type=\"text-editor.default\">\n\t\t\t\t<div class=\"elementor-widget-container\">\n\t\t\t\t\t\t\t\t\t<p>Onze site is ontwikkeld met WordPress. WordPress en de verschillende extensies die we gebruiken, worden regelmatig bijgewerkt om een inbreuk op de beveiliging zoveel mogelijk te voorkomen.<\/p><p>We gebruiken ook beveiligingsplug-ins om ongeautoriseerde logins op onze website zoveel mogelijk te voorkomen.<\/p>\t\t\t\t\t\t\t\t<\/div>\n\t\t\t\t<\/div>\n\t\t\t\t\t<\/div>\n\t\t<\/div>\n\t\t\t\t\t<\/div>\n\t\t<\/section>\n\t\t\t\t<\/div>","protected":false},"excerpt":{"rendered":"<p>Privacybeleid 1. Wie zijn wij?\u200b INTERNATIONAL RECOVER COMPANY\u00ae Adres hoofdkantoor: 2\/12 rue des Pr\u00e9montr\u00e9s BE- 4000 LuikSiteredacteur: Vinciane JocqueauTelefoon: +32 (0)4 234 15 00 E-mail: info @recover.eu 2. Gebruik van cookies 2.1 Wat is een cookie? Een cookie is een bestand dat door uw [\u2026]<\/p>","protected":false},"author":1,"featured_media":0,"parent":0,"menu_order":0,"comment_status":"closed","ping_status":"closed","template":"","meta":{"footnotes":""},"class_list":["post-724","page","type-page","status-publish","hentry"],"yoast_head":"<!-- This site is optimized with the Yoast SEO plugin v25.3.1 - https:\/\/yoast.com\/wordpress\/plugins\/seo\/ -->\n<title>Politique de confidentialit\u00e9 - INTERNATIONAL RECOVER COMPANY<\/title>\n<meta name=\"description\" content=\"Acc\u00e9der \u00e0 nos politiques de confidentialit\u00e9 par ici et constatez que nous respectons toutes les conventions RGPD.\" \/>\n<meta name=\"robots\" content=\"index, follow, max-snippet:-1, max-image-preview:large, max-video-preview:-1\" \/>\n<link rel=\"canonical\" href=\"https:\/\/www.recover.eu\/nl_be\/privacybeleid-2\/\" \/>\n<meta property=\"og:locale\" content=\"nl_BE\" \/>\n<meta property=\"og:type\" content=\"article\" \/>\n<meta property=\"og:title\" content=\"Politique de confidentialit\u00e9 - INTERNATIONAL RECOVER COMPANY\" \/>\n<meta property=\"og:description\" content=\"Acc\u00e9der \u00e0 nos politiques de confidentialit\u00e9 par ici et constatez que nous respectons toutes les conventions RGPD.\" \/>\n<meta property=\"og:url\" content=\"https:\/\/www.recover.eu\/nl_be\/privacybeleid-2\/\" \/>\n<meta property=\"og:site_name\" content=\"INTERNATIONAL RECOVER COMPANY\" \/>\n<meta property=\"article:publisher\" content=\"https:\/\/www.facebook.com\/RECOVER.EU\" \/>\n<meta property=\"article:modified_time\" content=\"2023-07-11T13:03:08+00:00\" \/>\n<meta name=\"twitter:card\" content=\"summary_large_image\" \/>\n<meta name=\"twitter:site\" content=\"@RECOVER_EU\" \/>\n<meta name=\"twitter:label1\" content=\"Geschatte leestijd\" \/>\n\t<meta name=\"twitter:data1\" content=\"3 minuten\" \/>\n<script type=\"application\/ld+json\" class=\"yoast-schema-graph\">{\"@context\":\"https:\/\/schema.org\",\"@graph\":[{\"@type\":\"WebPage\",\"@id\":\"https:\/\/www.recover.eu\/politique-de-confidentialite\/\",\"url\":\"https:\/\/www.recover.eu\/politique-de-confidentialite\/\",\"name\":\"Politique de confidentialit\u00e9 - INTERNATIONAL RECOVER COMPANY\",\"isPartOf\":{\"@id\":\"https:\/\/www.recover.eu\/#website\"},\"datePublished\":\"2023-05-25T13:03:16+00:00\",\"dateModified\":\"2023-07-11T13:03:08+00:00\",\"description\":\"Acc\u00e9der \u00e0 nos politiques de confidentialit\u00e9 par ici et constatez que nous respectons toutes les conventions RGPD.\",\"breadcrumb\":{\"@id\":\"https:\/\/www.recover.eu\/politique-de-confidentialite\/#breadcrumb\"},\"inLanguage\":\"nl-BE\",\"potentialAction\":[{\"@type\":\"ReadAction\",\"target\":[\"https:\/\/www.recover.eu\/politique-de-confidentialite\/\"]}]},{\"@type\":\"BreadcrumbList\",\"@id\":\"https:\/\/www.recover.eu\/politique-de-confidentialite\/#breadcrumb\",\"itemListElement\":[{\"@type\":\"ListItem\",\"position\":1,\"name\":\"Accueil\",\"item\":\"https:\/\/www.recover.eu\/\"},{\"@type\":\"ListItem\",\"position\":2,\"name\":\"Politique de confidentialit\u00e9\"}]},{\"@type\":\"WebSite\",\"@id\":\"https:\/\/www.recover.eu\/#website\",\"url\":\"https:\/\/www.recover.eu\/\",\"name\":\"INTERNATIONAL RECOVER COMPANY\",\"description\":\"Votre partenaire de confiance pour la gestion et la r\u00e9solution de vos probl\u00e8mes de cr\u00e9ances.\",\"publisher\":{\"@id\":\"https:\/\/www.recover.eu\/#organization\"},\"potentialAction\":[{\"@type\":\"SearchAction\",\"target\":{\"@type\":\"EntryPoint\",\"urlTemplate\":\"https:\/\/www.recover.eu\/?s={search_term_string}\"},\"query-input\":{\"@type\":\"PropertyValueSpecification\",\"valueRequired\":true,\"valueName\":\"search_term_string\"}}],\"inLanguage\":\"nl-BE\"},{\"@type\":\"Organization\",\"@id\":\"https:\/\/www.recover.eu\/#organization\",\"name\":\"INTERNATIONAL RECOVER COMPANY\u00ae\",\"url\":\"https:\/\/www.recover.eu\/\",\"logo\":{\"@type\":\"ImageObject\",\"inLanguage\":\"nl-BE\",\"@id\":\"https:\/\/www.recover.eu\/#\/schema\/logo\/image\/\",\"url\":\"http:\/\/www.recover.eu\/wp-content\/uploads\/2023\/05\/logo-recover.png\",\"contentUrl\":\"http:\/\/www.recover.eu\/wp-content\/uploads\/2023\/05\/logo-recover.png\",\"width\":202,\"height\":115,\"caption\":\"INTERNATIONAL RECOVER COMPANY\u00ae\"},\"image\":{\"@id\":\"https:\/\/www.recover.eu\/#\/schema\/logo\/image\/\"},\"sameAs\":[\"https:\/\/www.facebook.com\/RECOVER.EU\",\"https:\/\/x.com\/RECOVER_EU\",\"https:\/\/www.linkedin.com\/company\/irc-group-sa\/\",\"https:\/\/www.instagram.com\/recover.eu\/\",\"https:\/\/www.youtube.com\/@internationalrecovercompan1612\"]}]}<\/script>\n<!-- \/ Yoast SEO plugin. -->","yoast_head_json":{"title":"Politique de confidentialit\u00e9 - INTERNATIONAL RECOVER COMPANY","description":"Acc\u00e9der \u00e0 nos politiques de confidentialit\u00e9 par ici et constatez que nous respectons toutes les conventions RGPD.","robots":{"index":"index","follow":"follow","max-snippet":"max-snippet:-1","max-image-preview":"max-image-preview:large","max-video-preview":"max-video-preview:-1"},"canonical":"https:\/\/www.recover.eu\/nl_be\/privacybeleid-2\/","og_locale":"nl_BE","og_type":"article","og_title":"Politique de confidentialit\u00e9 - INTERNATIONAL RECOVER COMPANY","og_description":"Acc\u00e9der \u00e0 nos politiques de confidentialit\u00e9 par ici et constatez que nous respectons toutes les conventions RGPD.","og_url":"https:\/\/www.recover.eu\/nl_be\/privacybeleid-2\/","og_site_name":"INTERNATIONAL RECOVER COMPANY","article_publisher":"https:\/\/www.facebook.com\/RECOVER.EU","article_modified_time":"2023-07-11T13:03:08+00:00","twitter_card":"summary_large_image","twitter_site":"@RECOVER_EU","twitter_misc":{"Geschatte leestijd":"3 minuten"},"schema":{"@context":"https:\/\/schema.org","@graph":[{"@type":"WebPage","@id":"https:\/\/www.recover.eu\/politique-de-confidentialite\/","url":"https:\/\/www.recover.eu\/politique-de-confidentialite\/","name":"Politique de confidentialit\u00e9 - INTERNATIONAL RECOVER COMPANY","isPartOf":{"@id":"https:\/\/www.recover.eu\/#website"},"datePublished":"2023-05-25T13:03:16+00:00","dateModified":"2023-07-11T13:03:08+00:00","description":"Acc\u00e9der \u00e0 nos politiques de confidentialit\u00e9 par ici et constatez que nous respectons toutes les conventions RGPD.","breadcrumb":{"@id":"https:\/\/www.recover.eu\/politique-de-confidentialite\/#breadcrumb"},"inLanguage":"nl-BE","potentialAction":[{"@type":"ReadAction","target":["https:\/\/www.recover.eu\/politique-de-confidentialite\/"]}]},{"@type":"BreadcrumbList","@id":"https:\/\/www.recover.eu\/politique-de-confidentialite\/#breadcrumb","itemListElement":[{"@type":"ListItem","position":1,"name":"Accueil","item":"https:\/\/www.recover.eu\/"},{"@type":"ListItem","position":2,"name":"Politique de confidentialit\u00e9"}]},{"@type":"WebSite","@id":"https:\/\/www.recover.eu\/#website","url":"https:\/\/www.recover.eu\/","name":"INTERNATIONAL RECOVER COMPANY","description":"Votre partenaire de confiance pour la gestion et la r\u00e9solution de vos probl\u00e8mes de cr\u00e9ances.","publisher":{"@id":"https:\/\/www.recover.eu\/#organization"},"potentialAction":[{"@type":"SearchAction","target":{"@type":"EntryPoint","urlTemplate":"https:\/\/www.recover.eu\/?s={search_term_string}"},"query-input":{"@type":"PropertyValueSpecification","valueRequired":true,"valueName":"search_term_string"}}],"inLanguage":"nl-BE"},{"@type":"Organization","@id":"https:\/\/www.recover.eu\/#organization","name":"INTERNATIONAL RECOVER COMPANY\u00ae","url":"https:\/\/www.recover.eu\/","logo":{"@type":"ImageObject","inLanguage":"nl-BE","@id":"https:\/\/www.recover.eu\/#\/schema\/logo\/image\/","url":"http:\/\/www.recover.eu\/wp-content\/uploads\/2023\/05\/logo-recover.png","contentUrl":"http:\/\/www.recover.eu\/wp-content\/uploads\/2023\/05\/logo-recover.png","width":202,"height":115,"caption":"INTERNATIONAL RECOVER COMPANY\u00ae"},"image":{"@id":"https:\/\/www.recover.eu\/#\/schema\/logo\/image\/"},"sameAs":["https:\/\/www.facebook.com\/RECOVER.EU","https:\/\/x.com\/RECOVER_EU","https:\/\/www.linkedin.com\/company\/irc-group-sa\/","https:\/\/www.instagram.com\/recover.eu\/","https:\/\/www.youtube.com\/@internationalrecovercompan1612"]}]}},"_links":{"self":[{"href":"https:\/\/www.recover.eu\/nl_be\/wp-json\/wp\/v2\/pages\/724","targetHints":{"allow":["GET"]}}],"collection":[{"href":"https:\/\/www.recover.eu\/nl_be\/wp-json\/wp\/v2\/pages"}],"about":[{"href":"https:\/\/www.recover.eu\/nl_be\/wp-json\/wp\/v2\/types\/page"}],"author":[{"embeddable":true,"href":"https:\/\/www.recover.eu\/nl_be\/wp-json\/wp\/v2\/users\/1"}],"replies":[{"embeddable":true,"href":"https:\/\/www.recover.eu\/nl_be\/wp-json\/wp\/v2\/comments?post=724"}],"version-history":[{"count":0,"href":"https:\/\/www.recover.eu\/nl_be\/wp-json\/wp\/v2\/pages\/724\/revisions"}],"wp:attachment":[{"href":"https:\/\/www.recover.eu\/nl_be\/wp-json\/wp\/v2\/media?parent=724"}],"curies":[{"name":"wp","href":"https:\/\/api.w.org\/{rel}","templated":true}]}}