{"id":724,"date":"2023-05-25T15:03:16","date_gmt":"2023-05-25T13:03:16","guid":{"rendered":"http:\/\/recover.jellyfishcreativestudio.be\/?page_id=724"},"modified":"2023-07-11T15:03:08","modified_gmt":"2023-07-11T13:03:08","slug":"polityka-prywatnosci-2","status":"publish","type":"page","link":"https:\/\/www.recover.eu\/pl\/polityka-prywatnosci-2\/","title":{"rendered":"Polityka prywatno\u015bci"},"content":{"rendered":"<div data-elementor-type=\"wp-page\" data-elementor-id=\"724\" class=\"elementor elementor-724\" data-elementor-post-type=\"page\">\n\t\t\t\t\t\t<section class=\"elementor-section elementor-top-section elementor-element elementor-element-a5e6229 elementor-section-boxed elementor-section-height-default elementor-section-height-default\" data-id=\"a5e6229\" data-element_type=\"section\">\n\t\t\t\t\t\t<div class=\"elementor-container elementor-column-gap-default\">\n\t\t\t\t\t<div class=\"elementor-column elementor-col-100 elementor-top-column elementor-element elementor-element-8890a79\" data-id=\"8890a79\" data-element_type=\"column\">\n\t\t\t<div class=\"elementor-widget-wrap elementor-element-populated\">\n\t\t\t\t\t\t<div class=\"elementor-element elementor-element-8a4f1c1 title-animate elementor-widget elementor-widget-heading\" data-id=\"8a4f1c1\" data-element_type=\"widget\" data-widget_type=\"heading.default\">\n\t\t\t\t<div class=\"elementor-widget-container\">\n\t\t\t\t\t<h2 class=\"elementor-heading-title elementor-size-default\">Polityka prywatno\u015bci<\/h2>\t\t\t\t<\/div>\n\t\t\t\t<\/div>\n\t\t\t\t\t<\/div>\n\t\t<\/div>\n\t\t\t\t\t<\/div>\n\t\t<\/section>\n\t\t\t\t<section class=\"elementor-section elementor-top-section elementor-element elementor-element-ac43c8b elementor-section-boxed elementor-section-height-default elementor-section-height-default\" data-id=\"ac43c8b\" data-element_type=\"section\">\n\t\t\t\t\t\t<div class=\"elementor-container elementor-column-gap-default\">\n\t\t\t\t\t<div class=\"elementor-column elementor-col-100 elementor-top-column elementor-element elementor-element-18a9457\" data-id=\"18a9457\" data-element_type=\"column\">\n\t\t\t<div class=\"elementor-widget-wrap elementor-element-populated\">\n\t\t\t\t\t\t<div class=\"elementor-element elementor-element-a6fe326 title-animate elementor-widget elementor-widget-heading\" data-id=\"a6fe326\" data-element_type=\"widget\" data-widget_type=\"heading.default\">\n\t\t\t\t<div class=\"elementor-widget-container\">\n\t\t\t\t\t<h2 class=\"elementor-heading-title elementor-size-default\">1. Kim jeste\u015bmy?<\/h2>\t\t\t\t<\/div>\n\t\t\t\t<\/div>\n\t\t\t\t<div class=\"elementor-element elementor-element-dc58fdb elementor-widget elementor-widget-text-editor\" data-id=\"dc58fdb\" data-element_type=\"widget\" data-widget_type=\"text-editor.default\">\n\t\t\t\t<div class=\"elementor-widget-container\">\n\t\t\t\t\t\t\t\t\t<p><strong>INTERNATIONAL RECOVER COMPANY\u00ae<\/strong><br \/>Adres siedziby g\u0142\u00f3wnej: 2\/12 rue des Pr\u00e9montr\u00e9s BE- 4000 Li\u00e8ge<br \/>Redaktor strony: Vinciane Jocqueau<br \/>Telefon: <span class=\"elementor-icon-list-text\">+32 (0)4 234 15 00 <\/span><br \/>E-mail : <span class=\"elementor-icon-list-text\">info@recover.eu<\/span><\/p>\t\t\t\t\t\t\t\t<\/div>\n\t\t\t\t<\/div>\n\t\t\t\t<div class=\"elementor-element elementor-element-e276da4 title-animate elementor-widget elementor-widget-heading\" data-id=\"e276da4\" data-element_type=\"widget\" data-widget_type=\"heading.default\">\n\t\t\t\t<div class=\"elementor-widget-container\">\n\t\t\t\t\t<h2 class=\"elementor-heading-title elementor-size-default\">2. Wykorzystanie plik\u00f3w cookies<\/h2>\t\t\t\t<\/div>\n\t\t\t\t<\/div>\n\t\t\t\t<div class=\"elementor-element elementor-element-be5967a title-animate elementor-widget elementor-widget-heading\" data-id=\"be5967a\" data-element_type=\"widget\" data-widget_type=\"heading.default\">\n\t\t\t\t<div class=\"elementor-widget-container\">\n\t\t\t\t\t<h3 class=\"elementor-heading-title elementor-size-default\">2.1 Co to jest plik cookie?<\/h3>\t\t\t\t<\/div>\n\t\t\t\t<\/div>\n\t\t\t\t<div class=\"elementor-element elementor-element-7e1eec9 elementor-widget elementor-widget-text-editor\" data-id=\"7e1eec9\" data-element_type=\"widget\" data-widget_type=\"text-editor.default\">\n\t\t\t\t<div class=\"elementor-widget-container\">\n\t\t\t\t\t\t\t\t\t<p>Plik cookie to plik umieszczany przez przegl\u0105dark\u0119 na komputerze u\u017cytkownika podczas przegl\u0105dania Internetu. Ten plik zawiera tylko tekst. Jest wi\u0119c ca\u0142kowicie nieszkodliwy. Plik ten jest generowany przez serwer strony, kt\u00f3r\u0105 odwiedzasz i jest wysy\u0142any do Twojej przegl\u0105darki internetowej. Przegl\u0105darka zapisuje plik na dysku twardym. Rzeczywi\u015bcie, serwer nie ma bezpo\u015bredniego dost\u0119pu do twojego komputera. Zdecydowana wi\u0119kszo\u015b\u0107 witryn wykorzystuje pliki cookies w celu prawid\u0142owego funkcjonowania oraz optymalizacji ergonomii i funkcjonalno\u015bci.<\/p>\t\t\t\t\t\t\t\t<\/div>\n\t\t\t\t<\/div>\n\t\t\t\t<div class=\"elementor-element elementor-element-6573baf title-animate elementor-widget elementor-widget-heading\" data-id=\"6573baf\" data-element_type=\"widget\" data-widget_type=\"heading.default\">\n\t\t\t\t<div class=\"elementor-widget-container\">\n\t\t\t\t\t<h3 class=\"elementor-heading-title elementor-size-default\">2.2 Do czego ich u\u017cywamy?<\/h3>\t\t\t\t<\/div>\n\t\t\t\t<\/div>\n\t\t\t\t<div class=\"elementor-element elementor-element-5d2f698 elementor-widget elementor-widget-text-editor\" data-id=\"5d2f698\" data-element_type=\"widget\" data-widget_type=\"text-editor.default\">\n\t\t\t\t<div class=\"elementor-widget-container\">\n\t\t\t\t\t\t\t\t\t<p>Pliki cookie s\u0105 aktywowane podczas Twojej wizyty na naszej stronie. Te pliki cookie s\u0105 domy\u015blnie w\u0142\u0105czone; nie stanowi\u0105 \u017cadnego zagro\u017cenia dla Twojego komputera, tabletu ani smartfona. Ich obecno\u015b\u0107 pozwala<\/p>\n<ul>\n<li>zrozumie\u0107 zachowanie os\u00f3b odwiedzaj\u0105cych strony;<\/li>\n<li>mierzy\u0107 liczb\u0119 odwiedzin, liczb\u0119 przegl\u0105danych stron oraz aktywno\u015b\u0107 odwiedzaj\u0105cych witryn\u0119 i cz\u0119stotliwo\u015b\u0107 ich powrot\u00f3w w celu dostosowania witryny do \u017c\u0105da\u0144 odwiedzaj\u0105cych.<\/li>\n<\/ul>\t\t\t\t\t\t\t\t<\/div>\n\t\t\t\t<\/div>\n\t\t\t\t<div class=\"elementor-element elementor-element-5d98512 title-animate elementor-widget elementor-widget-heading\" data-id=\"5d98512\" data-element_type=\"widget\" data-widget_type=\"heading.default\">\n\t\t\t\t<div class=\"elementor-widget-container\">\n\t\t\t\t\t<h3 class=\"elementor-heading-title elementor-size-default\">2.3 Jak je dezaktywowa\u0107?<\/h3>\t\t\t\t<\/div>\n\t\t\t\t<\/div>\n\t\t\t\t<div class=\"elementor-element elementor-element-8300da9 elementor-widget elementor-widget-text-editor\" data-id=\"8300da9\" data-element_type=\"widget\" data-widget_type=\"text-editor.default\">\n\t\t\t\t<div class=\"elementor-widget-container\">\n\t\t\t\t\t\t\t\t\t<p>Mo\u017cesz zapozna\u0107 si\u0119 z tymi r\u00f3\u017cnymi plikami cookie, dowiedzie\u0107 si\u0119 o ich przydatno\u015bci i dezaktywowa\u0107 je, klikaj\u0105c kart\u0119 \u201ePoufno\u015b\u0107\u201d w lewym dolnym rogu strony i przechodz\u0105c do \u201eUstawie\u0144 plik\u00f3w cookie\u201d.<\/p><p>Z bardziej og\u00f3lnego punktu widzenia mo\u017cesz skonfigurowa\u0107 swoj\u0105 przegl\u0105dark\u0119 tak, aby informowa\u0142a Ci\u0119 o utworzeniu nowych plik\u00f3w cookie i ewentualnie uniemo\u017cliwi\u0142a ich instalacj\u0119. Poni\u017cej przedstawiono kroki, kt\u00f3re nale\u017cy wykona\u0107:<\/p><ul><li>Chrom: <a href=\"http:\/\/support.google.com\/chrome\/bin\/answer.py?hl=fr&amp;answer=95647\">http:\/\/support.google.com\/chrome\/bin\/answer.py?hl=fr&amp;answer=95647<\/a><\/li><li>Firefox: <a href=\"http:\/\/support.mozilla.org\/fr\/kb\/activer-desactiver-cookies\">http:\/\/support.mozilla.org\/fr\/kb\/activer-desactiver-cookies<\/a><\/li><li>Safari: <a href=\"https:\/\/support.apple.com\/fr-be\/guide\/safari\/sfri11471\/mac\">https:\/\/support.apple.com\/fr-be\/guide\/safari\/sfri11471\/mac<\/a><\/li><li>Internet Explorer: <a href=\"https:\/\/support.microsoft.com\/fr-fr\/help\/17442\/windows-internet-explorer-delete-manage-cookies\">https:\/\/support.microsoft.com\/fr-fr\/help\/17442\/windows-internet-explorer-delete-manage-cookies<\/a><\/li><\/ul><p>Nie odm\u00f3wimy Ci dost\u0119pu do naszej strony, je\u015bli zdecydujesz si\u0119 je dezaktywowa\u0107.<\/p>\t\t\t\t\t\t\t\t<\/div>\n\t\t\t\t<\/div>\n\t\t\t\t<div class=\"elementor-element elementor-element-4b6c4bd title-animate elementor-widget elementor-widget-heading\" data-id=\"4b6c4bd\" data-element_type=\"widget\" data-widget_type=\"heading.default\">\n\t\t\t\t<div class=\"elementor-widget-container\">\n\t\t\t\t\t<h2 class=\"elementor-heading-title elementor-size-default\">3. Ochrona danych<\/h2>\t\t\t\t<\/div>\n\t\t\t\t<\/div>\n\t\t\t\t<div class=\"elementor-element elementor-element-3a43f5a elementor-widget elementor-widget-text-editor\" data-id=\"3a43f5a\" data-element_type=\"widget\" data-widget_type=\"text-editor.default\">\n\t\t\t\t<div class=\"elementor-widget-container\">\n\t\t\t\t\t\t\t\t\t<p>Zgodnie z ustaw\u0105 z dnia 6 stycznia 1978 r. o przetwarzaniu danych, plikach i wolno\u015bciach masz prawo dost\u0119pu, modyfikacji, sprostowania lub usuni\u0119cia danych, kt\u00f3re Ci\u0119 dotycz\u0105.<\/p><p class=\"translation-block\">Zgodnie z Og\u00f3lnym Rozporz\u0105dzeniem o Ochronie Danych Osobowych (RODO) z dnia 25 maja 2018 r. gromadzenie Twoich informacji ma charakter wy\u0142\u0105cznie informacyjny dla INTERNATIONAL RECOVER <strong>COMPANY\u00ae<\/strong> : s\u0105 one przetwarzane w celu poprawy komfortu u\u017cytkowania. Twoje dane nie b\u0119d\u0105 rozpowszechniane ani wymieniane.<\/p><p>Mo\u017cesz skorzysta\u0107 z prawa dost\u0119pu do informacji, kt\u00f3re Ci\u0119 dotycz\u0105, kontaktuj\u0105c si\u0119 z nami pod adresem: info@recover.eu.<\/p>\t\t\t\t\t\t\t\t<\/div>\n\t\t\t\t<\/div>\n\t\t\t\t<div class=\"elementor-element elementor-element-f48e9c5 title-animate elementor-widget elementor-widget-heading\" data-id=\"f48e9c5\" data-element_type=\"widget\" data-widget_type=\"heading.default\">\n\t\t\t\t<div class=\"elementor-widget-container\">\n\t\t\t\t\t<h3 class=\"elementor-heading-title elementor-size-default\">3.1 Jakie dane s\u0105 gromadzone?\n<\/h3>\t\t\t\t<\/div>\n\t\t\t\t<\/div>\n\t\t\t\t<div class=\"elementor-element elementor-element-4f0b068 elementor-widget elementor-widget-text-editor\" data-id=\"4f0b068\" data-element_type=\"widget\" data-widget_type=\"text-editor.default\">\n\t\t\t\t<div class=\"elementor-widget-container\">\n\t\t\t\t\t\t\t\t\t<p>Dane zebrane za po\u015brednictwem naszego formularza kontaktowego s\u0142u\u017c\u0105 do dostarczenia nam informacji niezb\u0119dnych do jak najlepszej odpowiedzi na Twoje zapytanie. Jedyne dane jakie mo\u017cemy uzyska\u0107 to:<\/p><ul><li>Twoje imi\u0119 i nazwisko<\/li><li>Twoja poczta<\/li><li>Tw\u00f3j numer telefonu<\/li><li>Tw\u00f3j numer pliku<\/li><li>Tw\u00f3j adres<\/li><li>Twoja funkcja<\/li><li>Informacje o Twojej wiadomo\u015bci<\/li><\/ul>\t\t\t\t\t\t\t\t<\/div>\n\t\t\t\t<\/div>\n\t\t\t\t<div class=\"elementor-element elementor-element-5f96875 title-animate elementor-widget elementor-widget-heading\" data-id=\"5f96875\" data-element_type=\"widget\" data-widget_type=\"heading.default\">\n\t\t\t\t<div class=\"elementor-widget-container\">\n\t\t\t\t\t<h3 class=\"elementor-heading-title elementor-size-default\">3.2 Jak s\u0105 chronione?<\/h3>\t\t\t\t<\/div>\n\t\t\t\t<\/div>\n\t\t\t\t<div class=\"elementor-element elementor-element-fbab310 elementor-widget elementor-widget-text-editor\" data-id=\"fbab310\" data-element_type=\"widget\" data-widget_type=\"text-editor.default\">\n\t\t\t\t<div class=\"elementor-widget-container\">\n\t\t\t\t\t\t\t\t\t<p>Nasza strona zosta\u0142a stworzona w oparciu o WordPress. WordPress i r\u00f3\u017cne u\u017cywane przez nas rozszerzenia s\u0105 regularnie aktualizowane, aby w jak najwi\u0119kszym stopniu unikn\u0105\u0107 naruszenia bezpiecze\u0144stwa.<\/p><p>U\u017cywamy r\u00f3wnie\u017c wtyczek bezpiecze\u0144stwa, aby w jak najwi\u0119kszym stopniu zapobiega\u0107 nieautoryzowanemu logowaniu do naszej witryny.<\/p>\t\t\t\t\t\t\t\t<\/div>\n\t\t\t\t<\/div>\n\t\t\t\t\t<\/div>\n\t\t<\/div>\n\t\t\t\t\t<\/div>\n\t\t<\/section>\n\t\t\t\t<\/div>","protected":false},"excerpt":{"rendered":"<p>Polityka prywatno\u015bci 1. Kim jeste\u015bmy? INTERNATIONAL RECOVER COMPANY\u00ae Adres siedziby: 2\/12 rue des Pr\u00e9montr\u00e9s BE- 4000 Li\u00e8ge Redaktor strony: Vinciane Jocqueau Telefon: +32 (0)4 234 15 00 E-mail: info @recover. eu 2. Korzystanie z plik\u00f3w cookie 2.1 Co to jest plik cookie? Plik cookie to plik umieszczany przez u\u017cytkownika [\u2026]<\/p>","protected":false},"author":1,"featured_media":0,"parent":0,"menu_order":0,"comment_status":"closed","ping_status":"closed","template":"","meta":{"footnotes":""},"class_list":["post-724","page","type-page","status-publish","hentry"],"yoast_head":"<!-- This site is optimized with the Yoast SEO plugin v25.3.1 - https:\/\/yoast.com\/wordpress\/plugins\/seo\/ -->\n<title>Politique de confidentialit\u00e9 - INTERNATIONAL RECOVER COMPANY<\/title>\n<meta name=\"description\" content=\"Acc\u00e9der \u00e0 nos politiques de confidentialit\u00e9 par ici et constatez que nous respectons toutes les conventions RGPD.\" \/>\n<meta name=\"robots\" content=\"index, follow, max-snippet:-1, max-image-preview:large, max-video-preview:-1\" \/>\n<link rel=\"canonical\" href=\"https:\/\/www.recover.eu\/pl\/polityka-prywatnosci-2\/\" \/>\n<meta property=\"og:locale\" content=\"pl_PL\" \/>\n<meta property=\"og:type\" content=\"article\" \/>\n<meta property=\"og:title\" content=\"Politique de confidentialit\u00e9 - INTERNATIONAL RECOVER COMPANY\" \/>\n<meta property=\"og:description\" content=\"Acc\u00e9der \u00e0 nos politiques de confidentialit\u00e9 par ici et constatez que nous respectons toutes les conventions RGPD.\" \/>\n<meta property=\"og:url\" content=\"https:\/\/www.recover.eu\/pl\/polityka-prywatnosci-2\/\" \/>\n<meta property=\"og:site_name\" content=\"INTERNATIONAL RECOVER COMPANY\" \/>\n<meta property=\"article:publisher\" content=\"https:\/\/www.facebook.com\/RECOVER.EU\" \/>\n<meta property=\"article:modified_time\" content=\"2023-07-11T13:03:08+00:00\" \/>\n<meta name=\"twitter:card\" content=\"summary_large_image\" \/>\n<meta name=\"twitter:site\" content=\"@RECOVER_EU\" \/>\n<meta name=\"twitter:label1\" content=\"Szacowany czas czytania\" \/>\n\t<meta name=\"twitter:data1\" content=\"3 minuty\" \/>\n<script type=\"application\/ld+json\" class=\"yoast-schema-graph\">{\"@context\":\"https:\/\/schema.org\",\"@graph\":[{\"@type\":\"WebPage\",\"@id\":\"https:\/\/www.recover.eu\/politique-de-confidentialite\/\",\"url\":\"https:\/\/www.recover.eu\/politique-de-confidentialite\/\",\"name\":\"Politique de confidentialit\u00e9 - INTERNATIONAL RECOVER COMPANY\",\"isPartOf\":{\"@id\":\"https:\/\/www.recover.eu\/#website\"},\"datePublished\":\"2023-05-25T13:03:16+00:00\",\"dateModified\":\"2023-07-11T13:03:08+00:00\",\"description\":\"Acc\u00e9der \u00e0 nos politiques de confidentialit\u00e9 par ici et constatez que nous respectons toutes les conventions RGPD.\",\"breadcrumb\":{\"@id\":\"https:\/\/www.recover.eu\/politique-de-confidentialite\/#breadcrumb\"},\"inLanguage\":\"pl-PL\",\"potentialAction\":[{\"@type\":\"ReadAction\",\"target\":[\"https:\/\/www.recover.eu\/politique-de-confidentialite\/\"]}]},{\"@type\":\"BreadcrumbList\",\"@id\":\"https:\/\/www.recover.eu\/politique-de-confidentialite\/#breadcrumb\",\"itemListElement\":[{\"@type\":\"ListItem\",\"position\":1,\"name\":\"Accueil\",\"item\":\"https:\/\/www.recover.eu\/\"},{\"@type\":\"ListItem\",\"position\":2,\"name\":\"Politique de confidentialit\u00e9\"}]},{\"@type\":\"WebSite\",\"@id\":\"https:\/\/www.recover.eu\/#website\",\"url\":\"https:\/\/www.recover.eu\/\",\"name\":\"INTERNATIONAL RECOVER COMPANY\",\"description\":\"Votre partenaire de confiance pour la gestion et la r\u00e9solution de vos probl\u00e8mes de cr\u00e9ances.\",\"publisher\":{\"@id\":\"https:\/\/www.recover.eu\/#organization\"},\"potentialAction\":[{\"@type\":\"SearchAction\",\"target\":{\"@type\":\"EntryPoint\",\"urlTemplate\":\"https:\/\/www.recover.eu\/?s={search_term_string}\"},\"query-input\":{\"@type\":\"PropertyValueSpecification\",\"valueRequired\":true,\"valueName\":\"search_term_string\"}}],\"inLanguage\":\"pl-PL\"},{\"@type\":\"Organization\",\"@id\":\"https:\/\/www.recover.eu\/#organization\",\"name\":\"INTERNATIONAL RECOVER COMPANY\u00ae\",\"url\":\"https:\/\/www.recover.eu\/\",\"logo\":{\"@type\":\"ImageObject\",\"inLanguage\":\"pl-PL\",\"@id\":\"https:\/\/www.recover.eu\/#\/schema\/logo\/image\/\",\"url\":\"http:\/\/www.recover.eu\/wp-content\/uploads\/2023\/05\/logo-recover.png\",\"contentUrl\":\"http:\/\/www.recover.eu\/wp-content\/uploads\/2023\/05\/logo-recover.png\",\"width\":202,\"height\":115,\"caption\":\"INTERNATIONAL RECOVER COMPANY\u00ae\"},\"image\":{\"@id\":\"https:\/\/www.recover.eu\/#\/schema\/logo\/image\/\"},\"sameAs\":[\"https:\/\/www.facebook.com\/RECOVER.EU\",\"https:\/\/x.com\/RECOVER_EU\",\"https:\/\/www.linkedin.com\/company\/irc-group-sa\/\",\"https:\/\/www.instagram.com\/recover.eu\/\",\"https:\/\/www.youtube.com\/@internationalrecovercompan1612\"]}]}<\/script>\n<!-- \/ Yoast SEO plugin. -->","yoast_head_json":{"title":"Politique de confidentialit\u00e9 - INTERNATIONAL RECOVER COMPANY","description":"Acc\u00e9der \u00e0 nos politiques de confidentialit\u00e9 par ici et constatez que nous respectons toutes les conventions RGPD.","robots":{"index":"index","follow":"follow","max-snippet":"max-snippet:-1","max-image-preview":"max-image-preview:large","max-video-preview":"max-video-preview:-1"},"canonical":"https:\/\/www.recover.eu\/pl\/polityka-prywatnosci-2\/","og_locale":"pl_PL","og_type":"article","og_title":"Politique de confidentialit\u00e9 - INTERNATIONAL RECOVER COMPANY","og_description":"Acc\u00e9der \u00e0 nos politiques de confidentialit\u00e9 par ici et constatez que nous respectons toutes les conventions RGPD.","og_url":"https:\/\/www.recover.eu\/pl\/polityka-prywatnosci-2\/","og_site_name":"INTERNATIONAL RECOVER COMPANY","article_publisher":"https:\/\/www.facebook.com\/RECOVER.EU","article_modified_time":"2023-07-11T13:03:08+00:00","twitter_card":"summary_large_image","twitter_site":"@RECOVER_EU","twitter_misc":{"Szacowany czas czytania":"3 minuty"},"schema":{"@context":"https:\/\/schema.org","@graph":[{"@type":"WebPage","@id":"https:\/\/www.recover.eu\/politique-de-confidentialite\/","url":"https:\/\/www.recover.eu\/politique-de-confidentialite\/","name":"Politique de confidentialit\u00e9 - INTERNATIONAL RECOVER COMPANY","isPartOf":{"@id":"https:\/\/www.recover.eu\/#website"},"datePublished":"2023-05-25T13:03:16+00:00","dateModified":"2023-07-11T13:03:08+00:00","description":"Acc\u00e9der \u00e0 nos politiques de confidentialit\u00e9 par ici et constatez que nous respectons toutes les conventions RGPD.","breadcrumb":{"@id":"https:\/\/www.recover.eu\/politique-de-confidentialite\/#breadcrumb"},"inLanguage":"pl-PL","potentialAction":[{"@type":"ReadAction","target":["https:\/\/www.recover.eu\/politique-de-confidentialite\/"]}]},{"@type":"BreadcrumbList","@id":"https:\/\/www.recover.eu\/politique-de-confidentialite\/#breadcrumb","itemListElement":[{"@type":"ListItem","position":1,"name":"Accueil","item":"https:\/\/www.recover.eu\/"},{"@type":"ListItem","position":2,"name":"Politique de confidentialit\u00e9"}]},{"@type":"WebSite","@id":"https:\/\/www.recover.eu\/#website","url":"https:\/\/www.recover.eu\/","name":"INTERNATIONAL RECOVER COMPANY","description":"Votre partenaire de confiance pour la gestion et la r\u00e9solution de vos probl\u00e8mes de cr\u00e9ances.","publisher":{"@id":"https:\/\/www.recover.eu\/#organization"},"potentialAction":[{"@type":"SearchAction","target":{"@type":"EntryPoint","urlTemplate":"https:\/\/www.recover.eu\/?s={search_term_string}"},"query-input":{"@type":"PropertyValueSpecification","valueRequired":true,"valueName":"search_term_string"}}],"inLanguage":"pl-PL"},{"@type":"Organization","@id":"https:\/\/www.recover.eu\/#organization","name":"INTERNATIONAL RECOVER COMPANY\u00ae","url":"https:\/\/www.recover.eu\/","logo":{"@type":"ImageObject","inLanguage":"pl-PL","@id":"https:\/\/www.recover.eu\/#\/schema\/logo\/image\/","url":"http:\/\/www.recover.eu\/wp-content\/uploads\/2023\/05\/logo-recover.png","contentUrl":"http:\/\/www.recover.eu\/wp-content\/uploads\/2023\/05\/logo-recover.png","width":202,"height":115,"caption":"INTERNATIONAL RECOVER COMPANY\u00ae"},"image":{"@id":"https:\/\/www.recover.eu\/#\/schema\/logo\/image\/"},"sameAs":["https:\/\/www.facebook.com\/RECOVER.EU","https:\/\/x.com\/RECOVER_EU","https:\/\/www.linkedin.com\/company\/irc-group-sa\/","https:\/\/www.instagram.com\/recover.eu\/","https:\/\/www.youtube.com\/@internationalrecovercompan1612"]}]}},"_links":{"self":[{"href":"https:\/\/www.recover.eu\/pl\/wp-json\/wp\/v2\/pages\/724","targetHints":{"allow":["GET"]}}],"collection":[{"href":"https:\/\/www.recover.eu\/pl\/wp-json\/wp\/v2\/pages"}],"about":[{"href":"https:\/\/www.recover.eu\/pl\/wp-json\/wp\/v2\/types\/page"}],"author":[{"embeddable":true,"href":"https:\/\/www.recover.eu\/pl\/wp-json\/wp\/v2\/users\/1"}],"replies":[{"embeddable":true,"href":"https:\/\/www.recover.eu\/pl\/wp-json\/wp\/v2\/comments?post=724"}],"version-history":[{"count":0,"href":"https:\/\/www.recover.eu\/pl\/wp-json\/wp\/v2\/pages\/724\/revisions"}],"wp:attachment":[{"href":"https:\/\/www.recover.eu\/pl\/wp-json\/wp\/v2\/media?parent=724"}],"curies":[{"name":"wp","href":"https:\/\/api.w.org\/{rel}","templated":true}]}}