{"id":724,"date":"2023-05-25T15:03:16","date_gmt":"2023-05-25T13:03:16","guid":{"rendered":"http:\/\/recover.jellyfishcreativestudio.be\/?page_id=724"},"modified":"2023-07-11T15:03:08","modified_gmt":"2023-07-11T13:03:08","slug":"politica-de-privacidade-2","status":"publish","type":"page","link":"https:\/\/www.recover.eu\/pt\/politica-de-privacidade-2\/","title":{"rendered":"pol\u00edtica de Privacidade"},"content":{"rendered":"<div data-elementor-type=\"wp-page\" data-elementor-id=\"724\" class=\"elementor elementor-724\" data-elementor-post-type=\"page\">\n\t\t\t\t\t\t<section class=\"elementor-section elementor-top-section elementor-element elementor-element-a5e6229 elementor-section-boxed elementor-section-height-default elementor-section-height-default\" data-id=\"a5e6229\" data-element_type=\"section\">\n\t\t\t\t\t\t<div class=\"elementor-container elementor-column-gap-default\">\n\t\t\t\t\t<div class=\"elementor-column elementor-col-100 elementor-top-column elementor-element elementor-element-8890a79\" data-id=\"8890a79\" data-element_type=\"column\">\n\t\t\t<div class=\"elementor-widget-wrap elementor-element-populated\">\n\t\t\t\t\t\t<div class=\"elementor-element elementor-element-8a4f1c1 title-animate elementor-widget elementor-widget-heading\" data-id=\"8a4f1c1\" data-element_type=\"widget\" data-widget_type=\"heading.default\">\n\t\t\t\t<div class=\"elementor-widget-container\">\n\t\t\t\t\t<h2 class=\"elementor-heading-title elementor-size-default\">pol\u00edtica de Privacidade<\/h2>\t\t\t\t<\/div>\n\t\t\t\t<\/div>\n\t\t\t\t\t<\/div>\n\t\t<\/div>\n\t\t\t\t\t<\/div>\n\t\t<\/section>\n\t\t\t\t<section class=\"elementor-section elementor-top-section elementor-element elementor-element-ac43c8b elementor-section-boxed elementor-section-height-default elementor-section-height-default\" data-id=\"ac43c8b\" data-element_type=\"section\">\n\t\t\t\t\t\t<div class=\"elementor-container elementor-column-gap-default\">\n\t\t\t\t\t<div class=\"elementor-column elementor-col-100 elementor-top-column elementor-element elementor-element-18a9457\" data-id=\"18a9457\" data-element_type=\"column\">\n\t\t\t<div class=\"elementor-widget-wrap elementor-element-populated\">\n\t\t\t\t\t\t<div class=\"elementor-element elementor-element-a6fe326 title-animate elementor-widget elementor-widget-heading\" data-id=\"a6fe326\" data-element_type=\"widget\" data-widget_type=\"heading.default\">\n\t\t\t\t<div class=\"elementor-widget-container\">\n\t\t\t\t\t<h2 class=\"elementor-heading-title elementor-size-default\">1. Quem somos n\u00f3s?<\/h2>\t\t\t\t<\/div>\n\t\t\t\t<\/div>\n\t\t\t\t<div class=\"elementor-element elementor-element-dc58fdb elementor-widget elementor-widget-text-editor\" data-id=\"dc58fdb\" data-element_type=\"widget\" data-widget_type=\"text-editor.default\">\n\t\t\t\t<div class=\"elementor-widget-container\">\n\t\t\t\t\t\t\t\t\t<p><strong>INTERNATIONAL RECOVER COMPANY\u00ae<\/strong><br \/>Endere\u00e7o da sede: 2\/12 rue des Pr\u00e9montr\u00e9s BE- 4000 Li\u00e8ge<br \/>Editor do site: Vinciane Jocqueau<br \/>Telefone : <span class=\"elementor-icon-list-text\">+32 (0)4 234 15 00 <\/span><br \/>E-mail : <span class=\"elementor-icon-list-text\">info@recover.eu<\/span><\/p>\t\t\t\t\t\t\t\t<\/div>\n\t\t\t\t<\/div>\n\t\t\t\t<div class=\"elementor-element elementor-element-e276da4 title-animate elementor-widget elementor-widget-heading\" data-id=\"e276da4\" data-element_type=\"widget\" data-widget_type=\"heading.default\">\n\t\t\t\t<div class=\"elementor-widget-container\">\n\t\t\t\t\t<h2 class=\"elementor-heading-title elementor-size-default\">2. Uso de cookies<\/h2>\t\t\t\t<\/div>\n\t\t\t\t<\/div>\n\t\t\t\t<div class=\"elementor-element elementor-element-be5967a title-animate elementor-widget elementor-widget-heading\" data-id=\"be5967a\" data-element_type=\"widget\" data-widget_type=\"heading.default\">\n\t\t\t\t<div class=\"elementor-widget-container\">\n\t\t\t\t\t<h3 class=\"elementor-heading-title elementor-size-default\">2.1 O que \u00e9 um cookie?<\/h3>\t\t\t\t<\/div>\n\t\t\t\t<\/div>\n\t\t\t\t<div class=\"elementor-element elementor-element-7e1eec9 elementor-widget elementor-widget-text-editor\" data-id=\"7e1eec9\" data-element_type=\"widget\" data-widget_type=\"text-editor.default\">\n\t\t\t\t<div class=\"elementor-widget-container\">\n\t\t\t\t\t\t\t\t\t<p>Um cookie \u00e9 um arquivo que \u00e9 colocado pelo seu navegador no seu computador quando voc\u00ea navega na Internet. Este arquivo consiste apenas em texto. \u00c9, portanto, completamente inofensivo. Este arquivo \u00e9 gerado pelo servidor do site que voc\u00ea est\u00e1 visitando e \u00e9 enviado para o seu navegador de Internet. O navegador salva o arquivo em seu disco r\u00edgido. Na verdade, o servidor n\u00e3o tem acesso direto ao seu computador. A grande maioria dos sites usa cookies para funcionar corretamente e otimizar sua ergonomia e funcionalidade.<\/p>\t\t\t\t\t\t\t\t<\/div>\n\t\t\t\t<\/div>\n\t\t\t\t<div class=\"elementor-element elementor-element-6573baf title-animate elementor-widget elementor-widget-heading\" data-id=\"6573baf\" data-element_type=\"widget\" data-widget_type=\"heading.default\">\n\t\t\t\t<div class=\"elementor-widget-container\">\n\t\t\t\t\t<h3 class=\"elementor-heading-title elementor-size-default\">2.2 Para que os usamos?<\/h3>\t\t\t\t<\/div>\n\t\t\t\t<\/div>\n\t\t\t\t<div class=\"elementor-element elementor-element-5d2f698 elementor-widget elementor-widget-text-editor\" data-id=\"5d2f698\" data-element_type=\"widget\" data-widget_type=\"text-editor.default\">\n\t\t\t\t<div class=\"elementor-widget-container\">\n\t\t\t\t\t\t\t\t\t<p>Os cookies s\u00e3o ativados durante a sua visita ao nosso site. Esses cookies s\u00e3o ativados por padr\u00e3o; eles n\u00e3o representam nenhum risco de seguran\u00e7a para seu computador, tablet ou smartphone. A sua presen\u00e7a permite<\/p>\n<ul>\n<li>entender o comportamento dos visitantes nas p\u00e1ginas;<\/li>\n<li>medir o n\u00famero de visitas, o n\u00famero de p\u00e1ginas visualizadas, bem como a atividade dos visitantes do site e sua frequ\u00eancia de retorno, a fim de adequar o site \u00e0s solicita\u00e7\u00f5es de seus visitantes.<\/li>\n<\/ul>\t\t\t\t\t\t\t\t<\/div>\n\t\t\t\t<\/div>\n\t\t\t\t<div class=\"elementor-element elementor-element-5d98512 title-animate elementor-widget elementor-widget-heading\" data-id=\"5d98512\" data-element_type=\"widget\" data-widget_type=\"heading.default\">\n\t\t\t\t<div class=\"elementor-widget-container\">\n\t\t\t\t\t<h3 class=\"elementor-heading-title elementor-size-default\">2.3 Como desativ\u00e1-los?<\/h3>\t\t\t\t<\/div>\n\t\t\t\t<\/div>\n\t\t\t\t<div class=\"elementor-element elementor-element-8300da9 elementor-widget elementor-widget-text-editor\" data-id=\"8300da9\" data-element_type=\"widget\" data-widget_type=\"text-editor.default\">\n\t\t\t\t<div class=\"elementor-widget-container\">\n\t\t\t\t\t\t\t\t\t<p>Pode consultar estes diferentes cookies, conhecer a sua utilidade e desativ\u00e1-los clicando no separador \u201cConfidencialidade\u201d no canto inferior esquerdo da p\u00e1gina e acedendo a \u201cConfigura\u00e7\u00f5es de cookies\u201d.<\/p><p>De um ponto de vista mais geral, voc\u00ea pode configurar seu navegador para inform\u00e1-lo quando novos cookies s\u00e3o criados e possivelmente impedir sua instala\u00e7\u00e3o. Abaixo est\u00e3o os passos a seguir:<\/p><ul><li>Cromada: <a href=\"http:\/\/support.google.com\/chrome\/bin\/answer.py?hl=fr&amp;answer=95647\">http:\/\/support.google.com\/chrome\/bin\/answer.py?hl=fr&amp;answer=95647<\/a><\/li><li>Raposa de fogo: <a href=\"http:\/\/support.mozilla.org\/fr\/kb\/activer-desactiver-cookies\">http:\/\/support.mozilla.org\/fr\/kb\/activer-desactiver-cookies<\/a><\/li><li>Saf\u00e1ri: <a href=\"https:\/\/support.apple.com\/fr-be\/guide\/safari\/sfri11471\/mac\">https:\/\/support.apple.com\/fr-be\/guide\/safari\/sfri11471\/mac<\/a><\/li><li>Explorador de Internet: <a href=\"https:\/\/support.microsoft.com\/fr-fr\/help\/17442\/windows-internet-explorer-delete-manage-cookies\">https:\/\/support.microsoft.com\/fr-fr\/help\/17442\/windows-internet-explorer-delete-manage-cookies<\/a><\/li><\/ul><p>N\u00e3o lhe ser\u00e1 negado o acesso ao nosso site se decidir desativ\u00e1-los.<\/p>\t\t\t\t\t\t\t\t<\/div>\n\t\t\t\t<\/div>\n\t\t\t\t<div class=\"elementor-element elementor-element-4b6c4bd title-animate elementor-widget elementor-widget-heading\" data-id=\"4b6c4bd\" data-element_type=\"widget\" data-widget_type=\"heading.default\">\n\t\t\t\t<div class=\"elementor-widget-container\">\n\t\t\t\t\t<h2 class=\"elementor-heading-title elementor-size-default\">3. Prote\u00e7\u00e3o de Dados<\/h2>\t\t\t\t<\/div>\n\t\t\t\t<\/div>\n\t\t\t\t<div class=\"elementor-element elementor-element-3a43f5a elementor-widget elementor-widget-text-editor\" data-id=\"3a43f5a\" data-element_type=\"widget\" data-widget_type=\"text-editor.default\">\n\t\t\t\t<div class=\"elementor-widget-container\">\n\t\t\t\t\t\t\t\t\t<p>De acordo com a lei de 6 de janeiro de 1978, relativa ao processamento de dados, arquivos e liberdades, voc\u00ea tem o direito de acessar, modificar, retificar ou excluir os dados que lhe dizem respeito.<\/p><p class=\"translation-block\">De acordo com o Regulamento Geral de Prote\u00e7\u00e3o de Dados (GDPR) de 25 de maio de 2018, a coleta de suas informa\u00e7\u00f5es \u00e9 apenas para informa\u00e7\u00e3o da INTERNATIONAL RECOVER COMPANY <strong>\u00ae<\/strong> : elas s\u00e3o processadas para melhorar sua experi\u00eancia de usu\u00e1rio. Seus dados n\u00e3o ser\u00e3o divulgados ou trocados.<\/p><p>Pode exercer o seu direito de acesso \u00e0 informa\u00e7\u00e3o que lhe diz respeito contactando-nos para o seguinte endere\u00e7o: info@recover.eu.<\/p>\t\t\t\t\t\t\t\t<\/div>\n\t\t\t\t<\/div>\n\t\t\t\t<div class=\"elementor-element elementor-element-f48e9c5 title-animate elementor-widget elementor-widget-heading\" data-id=\"f48e9c5\" data-element_type=\"widget\" data-widget_type=\"heading.default\">\n\t\t\t\t<div class=\"elementor-widget-container\">\n\t\t\t\t\t<h3 class=\"elementor-heading-title elementor-size-default\">3.1 Quais dados s\u00e3o coletados?\n<\/h3>\t\t\t\t<\/div>\n\t\t\t\t<\/div>\n\t\t\t\t<div class=\"elementor-element elementor-element-4f0b068 elementor-widget elementor-widget-text-editor\" data-id=\"4f0b068\" data-element_type=\"widget\" data-widget_type=\"text-editor.default\">\n\t\t\t\t<div class=\"elementor-widget-container\">\n\t\t\t\t\t\t\t\t\t<p>Os dados recolhidos atrav\u00e9s do nosso formul\u00e1rio de contacto s\u00e3o utilizados para nos fornecer as informa\u00e7\u00f5es necess\u00e1rias para melhor responder ao seu pedido. Os \u00fanicos dados que podemos obter s\u00e3o:<\/p><ul><li>Seu nome e sobrenome<\/li><li>seu e-mail<\/li><li>Seu n\u00famero de telefone<\/li><li>Seu n\u00famero de arquivo<\/li><li>Seu endere\u00e7o<\/li><li>sua fun\u00e7\u00e3o<\/li><li>Informa\u00e7\u00f5es sobre sua mensagem<\/li><\/ul>\t\t\t\t\t\t\t\t<\/div>\n\t\t\t\t<\/div>\n\t\t\t\t<div class=\"elementor-element elementor-element-5f96875 title-animate elementor-widget elementor-widget-heading\" data-id=\"5f96875\" data-element_type=\"widget\" data-widget_type=\"heading.default\">\n\t\t\t\t<div class=\"elementor-widget-container\">\n\t\t\t\t\t<h3 class=\"elementor-heading-title elementor-size-default\">3.2 Como s\u00e3o protegidos?<\/h3>\t\t\t\t<\/div>\n\t\t\t\t<\/div>\n\t\t\t\t<div class=\"elementor-element elementor-element-fbab310 elementor-widget elementor-widget-text-editor\" data-id=\"fbab310\" data-element_type=\"widget\" data-widget_type=\"text-editor.default\">\n\t\t\t\t<div class=\"elementor-widget-container\">\n\t\t\t\t\t\t\t\t\t<p>Nosso site foi desenvolvido em WordPress. O WordPress e as v\u00e1rias extens\u00f5es que usamos s\u00e3o atualizados regularmente para evitar ao m\u00e1ximo uma viola\u00e7\u00e3o de seguran\u00e7a.<\/p><p>Tamb\u00e9m usamos plug-ins de seguran\u00e7a para evitar, tanto quanto poss\u00edvel, logins n\u00e3o autorizados em nosso site.<\/p>\t\t\t\t\t\t\t\t<\/div>\n\t\t\t\t<\/div>\n\t\t\t\t\t<\/div>\n\t\t<\/div>\n\t\t\t\t\t<\/div>\n\t\t<\/section>\n\t\t\t\t<\/div>","protected":false},"excerpt":{"rendered":"<p>Pol\u00edtica de privacidade 1. Quem somos? INTERNATIONAL RECOVER COMPANY\u00ae Endere\u00e7o da sede: 2\/12 rue des Pr\u00e9montr\u00e9s BE- 4000 Li\u00e8ge Editor do site: Vinciane Jocqueau Telefone: +32 (0)4 234 15 00 E-mail: info @recover. eu 2. Utiliza\u00e7\u00e3o de cookies 2.1 O que \u00e9 um cookie? Um cookie \u00e9 um arquivo colocado pelo seu [\u2026]<\/p>","protected":false},"author":1,"featured_media":0,"parent":0,"menu_order":0,"comment_status":"closed","ping_status":"closed","template":"","meta":{"footnotes":""},"class_list":["post-724","page","type-page","status-publish","hentry"],"yoast_head":"<!-- This site is optimized with the Yoast SEO plugin v25.3.1 - https:\/\/yoast.com\/wordpress\/plugins\/seo\/ -->\n<title>Politique de confidentialit\u00e9 - INTERNATIONAL RECOVER COMPANY<\/title>\n<meta name=\"description\" content=\"Acc\u00e9der \u00e0 nos politiques de confidentialit\u00e9 par ici et constatez que nous respectons toutes les conventions RGPD.\" \/>\n<meta name=\"robots\" content=\"index, follow, max-snippet:-1, max-image-preview:large, max-video-preview:-1\" \/>\n<link rel=\"canonical\" href=\"https:\/\/www.recover.eu\/pt\/politica-de-privacidade-2\/\" \/>\n<meta property=\"og:locale\" content=\"pt_PT\" \/>\n<meta property=\"og:type\" content=\"article\" \/>\n<meta property=\"og:title\" content=\"Politique de confidentialit\u00e9 - INTERNATIONAL RECOVER COMPANY\" \/>\n<meta property=\"og:description\" content=\"Acc\u00e9der \u00e0 nos politiques de confidentialit\u00e9 par ici et constatez que nous respectons toutes les conventions RGPD.\" \/>\n<meta property=\"og:url\" content=\"https:\/\/www.recover.eu\/pt\/politica-de-privacidade-2\/\" \/>\n<meta property=\"og:site_name\" content=\"INTERNATIONAL RECOVER COMPANY\" \/>\n<meta property=\"article:publisher\" content=\"https:\/\/www.facebook.com\/RECOVER.EU\" \/>\n<meta property=\"article:modified_time\" content=\"2023-07-11T13:03:08+00:00\" \/>\n<meta name=\"twitter:card\" content=\"summary_large_image\" \/>\n<meta name=\"twitter:site\" content=\"@RECOVER_EU\" \/>\n<meta name=\"twitter:label1\" content=\"Tempo estimado de leitura\" \/>\n\t<meta name=\"twitter:data1\" content=\"3 minutos\" \/>\n<script type=\"application\/ld+json\" class=\"yoast-schema-graph\">{\"@context\":\"https:\/\/schema.org\",\"@graph\":[{\"@type\":\"WebPage\",\"@id\":\"https:\/\/www.recover.eu\/politique-de-confidentialite\/\",\"url\":\"https:\/\/www.recover.eu\/politique-de-confidentialite\/\",\"name\":\"Politique de confidentialit\u00e9 - INTERNATIONAL RECOVER COMPANY\",\"isPartOf\":{\"@id\":\"https:\/\/www.recover.eu\/#website\"},\"datePublished\":\"2023-05-25T13:03:16+00:00\",\"dateModified\":\"2023-07-11T13:03:08+00:00\",\"description\":\"Acc\u00e9der \u00e0 nos politiques de confidentialit\u00e9 par ici et constatez que nous respectons toutes les conventions RGPD.\",\"breadcrumb\":{\"@id\":\"https:\/\/www.recover.eu\/politique-de-confidentialite\/#breadcrumb\"},\"inLanguage\":\"pt-PT\",\"potentialAction\":[{\"@type\":\"ReadAction\",\"target\":[\"https:\/\/www.recover.eu\/politique-de-confidentialite\/\"]}]},{\"@type\":\"BreadcrumbList\",\"@id\":\"https:\/\/www.recover.eu\/politique-de-confidentialite\/#breadcrumb\",\"itemListElement\":[{\"@type\":\"ListItem\",\"position\":1,\"name\":\"Accueil\",\"item\":\"https:\/\/www.recover.eu\/\"},{\"@type\":\"ListItem\",\"position\":2,\"name\":\"Politique de confidentialit\u00e9\"}]},{\"@type\":\"WebSite\",\"@id\":\"https:\/\/www.recover.eu\/#website\",\"url\":\"https:\/\/www.recover.eu\/\",\"name\":\"INTERNATIONAL RECOVER COMPANY\",\"description\":\"Votre partenaire de confiance pour la gestion et la r\u00e9solution de vos probl\u00e8mes de cr\u00e9ances.\",\"publisher\":{\"@id\":\"https:\/\/www.recover.eu\/#organization\"},\"potentialAction\":[{\"@type\":\"SearchAction\",\"target\":{\"@type\":\"EntryPoint\",\"urlTemplate\":\"https:\/\/www.recover.eu\/?s={search_term_string}\"},\"query-input\":{\"@type\":\"PropertyValueSpecification\",\"valueRequired\":true,\"valueName\":\"search_term_string\"}}],\"inLanguage\":\"pt-PT\"},{\"@type\":\"Organization\",\"@id\":\"https:\/\/www.recover.eu\/#organization\",\"name\":\"INTERNATIONAL RECOVER COMPANY\u00ae\",\"url\":\"https:\/\/www.recover.eu\/\",\"logo\":{\"@type\":\"ImageObject\",\"inLanguage\":\"pt-PT\",\"@id\":\"https:\/\/www.recover.eu\/#\/schema\/logo\/image\/\",\"url\":\"http:\/\/www.recover.eu\/wp-content\/uploads\/2023\/05\/logo-recover.png\",\"contentUrl\":\"http:\/\/www.recover.eu\/wp-content\/uploads\/2023\/05\/logo-recover.png\",\"width\":202,\"height\":115,\"caption\":\"INTERNATIONAL RECOVER COMPANY\u00ae\"},\"image\":{\"@id\":\"https:\/\/www.recover.eu\/#\/schema\/logo\/image\/\"},\"sameAs\":[\"https:\/\/www.facebook.com\/RECOVER.EU\",\"https:\/\/x.com\/RECOVER_EU\",\"https:\/\/www.linkedin.com\/company\/irc-group-sa\/\",\"https:\/\/www.instagram.com\/recover.eu\/\",\"https:\/\/www.youtube.com\/@internationalrecovercompan1612\"]}]}<\/script>\n<!-- \/ Yoast SEO plugin. -->","yoast_head_json":{"title":"Politique de confidentialit\u00e9 - INTERNATIONAL RECOVER COMPANY","description":"Acc\u00e9der \u00e0 nos politiques de confidentialit\u00e9 par ici et constatez que nous respectons toutes les conventions RGPD.","robots":{"index":"index","follow":"follow","max-snippet":"max-snippet:-1","max-image-preview":"max-image-preview:large","max-video-preview":"max-video-preview:-1"},"canonical":"https:\/\/www.recover.eu\/pt\/politica-de-privacidade-2\/","og_locale":"pt_PT","og_type":"article","og_title":"Politique de confidentialit\u00e9 - INTERNATIONAL RECOVER COMPANY","og_description":"Acc\u00e9der \u00e0 nos politiques de confidentialit\u00e9 par ici et constatez que nous respectons toutes les conventions RGPD.","og_url":"https:\/\/www.recover.eu\/pt\/politica-de-privacidade-2\/","og_site_name":"INTERNATIONAL RECOVER COMPANY","article_publisher":"https:\/\/www.facebook.com\/RECOVER.EU","article_modified_time":"2023-07-11T13:03:08+00:00","twitter_card":"summary_large_image","twitter_site":"@RECOVER_EU","twitter_misc":{"Tempo estimado de leitura":"3 minutos"},"schema":{"@context":"https:\/\/schema.org","@graph":[{"@type":"WebPage","@id":"https:\/\/www.recover.eu\/politique-de-confidentialite\/","url":"https:\/\/www.recover.eu\/politique-de-confidentialite\/","name":"Politique de confidentialit\u00e9 - INTERNATIONAL RECOVER COMPANY","isPartOf":{"@id":"https:\/\/www.recover.eu\/#website"},"datePublished":"2023-05-25T13:03:16+00:00","dateModified":"2023-07-11T13:03:08+00:00","description":"Acc\u00e9der \u00e0 nos politiques de confidentialit\u00e9 par ici et constatez que nous respectons toutes les conventions RGPD.","breadcrumb":{"@id":"https:\/\/www.recover.eu\/politique-de-confidentialite\/#breadcrumb"},"inLanguage":"pt-PT","potentialAction":[{"@type":"ReadAction","target":["https:\/\/www.recover.eu\/politique-de-confidentialite\/"]}]},{"@type":"BreadcrumbList","@id":"https:\/\/www.recover.eu\/politique-de-confidentialite\/#breadcrumb","itemListElement":[{"@type":"ListItem","position":1,"name":"Accueil","item":"https:\/\/www.recover.eu\/"},{"@type":"ListItem","position":2,"name":"Politique de confidentialit\u00e9"}]},{"@type":"WebSite","@id":"https:\/\/www.recover.eu\/#website","url":"https:\/\/www.recover.eu\/","name":"INTERNATIONAL RECOVER COMPANY","description":"Votre partenaire de confiance pour la gestion et la r\u00e9solution de vos probl\u00e8mes de cr\u00e9ances.","publisher":{"@id":"https:\/\/www.recover.eu\/#organization"},"potentialAction":[{"@type":"SearchAction","target":{"@type":"EntryPoint","urlTemplate":"https:\/\/www.recover.eu\/?s={search_term_string}"},"query-input":{"@type":"PropertyValueSpecification","valueRequired":true,"valueName":"search_term_string"}}],"inLanguage":"pt-PT"},{"@type":"Organization","@id":"https:\/\/www.recover.eu\/#organization","name":"INTERNATIONAL RECOVER COMPANY\u00ae","url":"https:\/\/www.recover.eu\/","logo":{"@type":"ImageObject","inLanguage":"pt-PT","@id":"https:\/\/www.recover.eu\/#\/schema\/logo\/image\/","url":"http:\/\/www.recover.eu\/wp-content\/uploads\/2023\/05\/logo-recover.png","contentUrl":"http:\/\/www.recover.eu\/wp-content\/uploads\/2023\/05\/logo-recover.png","width":202,"height":115,"caption":"INTERNATIONAL RECOVER COMPANY\u00ae"},"image":{"@id":"https:\/\/www.recover.eu\/#\/schema\/logo\/image\/"},"sameAs":["https:\/\/www.facebook.com\/RECOVER.EU","https:\/\/x.com\/RECOVER_EU","https:\/\/www.linkedin.com\/company\/irc-group-sa\/","https:\/\/www.instagram.com\/recover.eu\/","https:\/\/www.youtube.com\/@internationalrecovercompan1612"]}]}},"_links":{"self":[{"href":"https:\/\/www.recover.eu\/pt\/wp-json\/wp\/v2\/pages\/724","targetHints":{"allow":["GET"]}}],"collection":[{"href":"https:\/\/www.recover.eu\/pt\/wp-json\/wp\/v2\/pages"}],"about":[{"href":"https:\/\/www.recover.eu\/pt\/wp-json\/wp\/v2\/types\/page"}],"author":[{"embeddable":true,"href":"https:\/\/www.recover.eu\/pt\/wp-json\/wp\/v2\/users\/1"}],"replies":[{"embeddable":true,"href":"https:\/\/www.recover.eu\/pt\/wp-json\/wp\/v2\/comments?post=724"}],"version-history":[{"count":0,"href":"https:\/\/www.recover.eu\/pt\/wp-json\/wp\/v2\/pages\/724\/revisions"}],"wp:attachment":[{"href":"https:\/\/www.recover.eu\/pt\/wp-json\/wp\/v2\/media?parent=724"}],"curies":[{"name":"wp","href":"https:\/\/api.w.org\/{rel}","templated":true}]}}